{"id":436,"date":"2025-08-22T08:34:41","date_gmt":"2025-08-22T05:34:41","guid":{"rendered":"https:\/\/www.vyl.fi\/viherymparisto\/?page_id=436"},"modified":"2025-08-22T08:34:42","modified_gmt":"2025-08-22T05:34:42","slug":"bettina-rauduskoivu","status":"publish","type":"page","link":"https:\/\/www.vyl.fi\/viherymparisto\/kampanjat\/puunhalausviikko\/puupersoonat\/bettina-rauduskoivu\/","title":{"rendered":"Bettina, rauduskoivu"},"content":{"rendered":"\n<ul class=\"wp-block-list\">\n<li>Nokian vanhan hautausmaan matriarkka ja viisas vanhus<\/li>\n\n\n\n<li>sitoo hiilt\u00e4 47 kilogrammaa vuodessa<\/li>\n\n\n\n<li>juo 1800 litraa hulevett\u00e4 vuodessa<\/li>\n<\/ul>\n\n\n\n<p>Rauduskoivu Bettina on kaiken n\u00e4hnyt ja kaiken hyv\u00e4ksynyt ikinuori muori, joka hallitsee matriarkkana Nokian vanhaa hautausmaata. Bettina on i\u00e4n my\u00f6t\u00e4 osannut my\u00f6s tehd\u00e4 tilaa itselleen \u2013 haudan reunakivi on saanut hiukan v\u00e4ist\u00e4\u00e4. T\u00e4m\u00e4 iso\u00e4iti huolehtii kaikista eli\u00f6ist\u00e4 ymp\u00e4rill\u00e4\u00e4n: sen luona saa hengitt\u00e4\u00e4 raikasta ilmaa. Bettinan kainalossa on aina tilaa, tervetuloa halaamaan!<\/p>\n\n\n\n<figure class=\"wp-block-image size-large\"><img loading=\"lazy\" decoding=\"async\" width=\"1024\" height=\"512\" src=\"https:\/\/www.vyl.fi\/viherymparisto\/wp-content\/uploads\/sites\/2\/2025\/08\/Bettina-kuva-logo-1024x512.jpg\" alt=\"\" class=\"wp-image-438\" srcset=\"https:\/\/www.vyl.fi\/viherymparisto\/wp-content\/uploads\/sites\/2\/2025\/08\/Bettina-kuva-logo-1024x512.jpg 1024w, https:\/\/www.vyl.fi\/viherymparisto\/wp-content\/uploads\/sites\/2\/2025\/08\/Bettina-kuva-logo-300x150.jpg 300w, https:\/\/www.vyl.fi\/viherymparisto\/wp-content\/uploads\/sites\/2\/2025\/08\/Bettina-kuva-logo-768x384.jpg 768w, https:\/\/www.vyl.fi\/viherymparisto\/wp-content\/uploads\/sites\/2\/2025\/08\/Bettina-kuva-logo.jpg 1240w\" sizes=\"(max-width: 1024px) 100vw, 1024px\" \/><\/figure>\n","protected":false},"excerpt":{"rendered":"<p>Rauduskoivu Bettina on kaiken n\u00e4hnyt ja kaiken hyv\u00e4ksynyt ikinuori muori, joka hallitsee matriarkkana Nokian vanhaa hautausmaata. Bettina on i\u00e4n my\u00f6t\u00e4 osannut my\u00f6s tehd\u00e4 tilaa itselleen \u2013 haudan reunakivi on saanut hiukan v\u00e4ist\u00e4\u00e4. T\u00e4m\u00e4 iso\u00e4iti huolehtii kaikista eli\u00f6ist\u00e4 ymp\u00e4rill\u00e4\u00e4n: sen luona saa hengitt\u00e4\u00e4 raikasta ilmaa. Bettinan kainalossa on aina tilaa, tervetuloa halaamaan!<\/p>\n","protected":false},"author":5,"featured_media":437,"parent":188,"menu_order":0,"comment_status":"closed","ping_status":"closed","template":"","meta":{"_acf_changed":false,"_relevanssi_hide_post":"","_relevanssi_hide_content":"","_relevanssi_pin_for_all":"","_relevanssi_pin_keywords":"","_relevanssi_unpin_keywords":"","_relevanssi_related_keywords":"","_relevanssi_related_include_ids":"","_relevanssi_related_exclude_ids":"","_relevanssi_related_no_append":"","_relevanssi_related_not_related":"","_relevanssi_related_posts":"141,124,115,118,183,121","_relevanssi_noindex_reason":"","footnotes":""},"class_list":["post-436","page","type-page","status-publish","has-post-thumbnail","hentry"],"acf":[],"_links":{"self":[{"href":"https:\/\/www.vyl.fi\/viherymparisto\/wp-json\/wp\/v2\/pages\/436","targetHints":{"allow":["GET"]}}],"collection":[{"href":"https:\/\/www.vyl.fi\/viherymparisto\/wp-json\/wp\/v2\/pages"}],"about":[{"href":"https:\/\/www.vyl.fi\/viherymparisto\/wp-json\/wp\/v2\/types\/page"}],"author":[{"embeddable":true,"href":"https:\/\/www.vyl.fi\/viherymparisto\/wp-json\/wp\/v2\/users\/5"}],"replies":[{"embeddable":true,"href":"https:\/\/www.vyl.fi\/viherymparisto\/wp-json\/wp\/v2\/comments?post=436"}],"version-history":[{"count":1,"href":"https:\/\/www.vyl.fi\/viherymparisto\/wp-json\/wp\/v2\/pages\/436\/revisions"}],"predecessor-version":[{"id":439,"href":"https:\/\/www.vyl.fi\/viherymparisto\/wp-json\/wp\/v2\/pages\/436\/revisions\/439"}],"up":[{"embeddable":true,"href":"https:\/\/www.vyl.fi\/viherymparisto\/wp-json\/wp\/v2\/pages\/188"}],"wp:featuredmedia":[{"embeddable":true,"href":"https:\/\/www.vyl.fi\/viherymparisto\/wp-json\/wp\/v2\/media\/437"}],"wp:attachment":[{"href":"https:\/\/www.vyl.fi\/viherymparisto\/wp-json\/wp\/v2\/media?parent=436"}],"curies":[{"name":"wp","href":"https:\/\/api.w.org\/{rel}","templated":true}]}}