{"id":441,"date":"2025-08-22T08:37:03","date_gmt":"2025-08-22T05:37:03","guid":{"rendered":"https:\/\/www.vyl.fi\/viherymparisto\/?page_id=441"},"modified":"2025-08-22T08:37:03","modified_gmt":"2025-08-22T05:37:03","slug":"ingrid-ruotsinpihlaja","status":"publish","type":"page","link":"https:\/\/www.vyl.fi\/viherymparisto\/kampanjat\/puunhalausviikko\/puupersoonat\/ingrid-ruotsinpihlaja\/","title":{"rendered":"Ingrid, ruotsinpihlaja"},"content":{"rendered":"\n<ul class=\"wp-block-list\">\n<li>80-vuotias hotelliyritt\u00e4j\u00e4, joka ik\u00e4\u00e4ntyess\u00e4\u00e4n tarjoaa majoitusta yh\u00e4 uusille hy\u00f6nteisille<\/li>\n\n\n\n<li>harjoittaa my\u00f6s hiilen varastointitoimintaa, t\u00e4ll\u00e4 hetkell\u00e4 varaston koko 2094 kilogrammaa<\/li>\n<\/ul>\n\n\n\n<p>Ruotsinpihlaja Ingrid kasvaa jo k\u00e4\u00e4p\u00e4\u00e4 ja lahoakin on. Se kuitenkin vain vauhdittaa hotellitoimintaa, joka tarjoaa monipuolisia palveluja lukuisille erilaisia tarpeita omaaville hy\u00f6nteisille. My\u00f6s linnut ja muut eli\u00f6t ovat tervetulleita asustamaan ja ruokailemaan Ingridin hell\u00e4\u00e4n huomaan. Ihmisvieraat voivat nauttia Ingridin rauhoittavasta seurasta oleskelemalla sen luona &#8211; ja vaikka halaamalla!<\/p>\n\n\n\n<figure class=\"wp-block-image size-large\"><img loading=\"lazy\" decoding=\"async\" width=\"1024\" height=\"512\" src=\"https:\/\/www.vyl.fi\/viherymparisto\/wp-content\/uploads\/sites\/2\/2025\/08\/Ingrid-kuva-logo-1024x512.jpg\" alt=\"\" class=\"wp-image-443\" srcset=\"https:\/\/www.vyl.fi\/viherymparisto\/wp-content\/uploads\/sites\/2\/2025\/08\/Ingrid-kuva-logo-1024x512.jpg 1024w, https:\/\/www.vyl.fi\/viherymparisto\/wp-content\/uploads\/sites\/2\/2025\/08\/Ingrid-kuva-logo-300x150.jpg 300w, https:\/\/www.vyl.fi\/viherymparisto\/wp-content\/uploads\/sites\/2\/2025\/08\/Ingrid-kuva-logo-768x384.jpg 768w, https:\/\/www.vyl.fi\/viherymparisto\/wp-content\/uploads\/sites\/2\/2025\/08\/Ingrid-kuva-logo.jpg 1240w\" sizes=\"(max-width: 1024px) 100vw, 1024px\" \/><\/figure>\n","protected":false},"excerpt":{"rendered":"<p>Ruotsinpihlaja Ingrid kasvaa jo k\u00e4\u00e4p\u00e4\u00e4 ja lahoakin on. Se kuitenkin vain vauhdittaa hotellitoimintaa, joka tarjoaa monipuolisia palveluja lukuisille erilaisia tarpeita omaaville hy\u00f6nteisille. My\u00f6s linnut ja muut eli\u00f6t ovat tervetulleita asustamaan ja ruokailemaan Ingridin hell\u00e4\u00e4n huomaan. Ihmisvieraat voivat nauttia Ingridin rauhoittavasta seurasta oleskelemalla sen luona &#8211; ja vaikka halaamalla!<\/p>\n","protected":false},"author":5,"featured_media":442,"parent":188,"menu_order":0,"comment_status":"closed","ping_status":"closed","template":"","meta":{"_acf_changed":false,"_relevanssi_hide_post":"","_relevanssi_hide_content":"","_relevanssi_pin_for_all":"","_relevanssi_pin_keywords":"","_relevanssi_unpin_keywords":"","_relevanssi_related_keywords":"","_relevanssi_related_include_ids":"","_relevanssi_related_exclude_ids":"","_relevanssi_related_no_append":"","_relevanssi_related_not_related":"","_relevanssi_related_posts":"112,121,124,141,118,183","_relevanssi_noindex_reason":"","footnotes":""},"class_list":["post-441","page","type-page","status-publish","has-post-thumbnail","hentry"],"acf":[],"_links":{"self":[{"href":"https:\/\/www.vyl.fi\/viherymparisto\/wp-json\/wp\/v2\/pages\/441","targetHints":{"allow":["GET"]}}],"collection":[{"href":"https:\/\/www.vyl.fi\/viherymparisto\/wp-json\/wp\/v2\/pages"}],"about":[{"href":"https:\/\/www.vyl.fi\/viherymparisto\/wp-json\/wp\/v2\/types\/page"}],"author":[{"embeddable":true,"href":"https:\/\/www.vyl.fi\/viherymparisto\/wp-json\/wp\/v2\/users\/5"}],"replies":[{"embeddable":true,"href":"https:\/\/www.vyl.fi\/viherymparisto\/wp-json\/wp\/v2\/comments?post=441"}],"version-history":[{"count":1,"href":"https:\/\/www.vyl.fi\/viherymparisto\/wp-json\/wp\/v2\/pages\/441\/revisions"}],"predecessor-version":[{"id":444,"href":"https:\/\/www.vyl.fi\/viherymparisto\/wp-json\/wp\/v2\/pages\/441\/revisions\/444"}],"up":[{"embeddable":true,"href":"https:\/\/www.vyl.fi\/viherymparisto\/wp-json\/wp\/v2\/pages\/188"}],"wp:featuredmedia":[{"embeddable":true,"href":"https:\/\/www.vyl.fi\/viherymparisto\/wp-json\/wp\/v2\/media\/442"}],"wp:attachment":[{"href":"https:\/\/www.vyl.fi\/viherymparisto\/wp-json\/wp\/v2\/media?parent=441"}],"curies":[{"name":"wp","href":"https:\/\/api.w.org\/{rel}","templated":true}]}}