{"id":451,"date":"2025-08-22T08:44:28","date_gmt":"2025-08-22T05:44:28","guid":{"rendered":"https:\/\/www.vyl.fi\/viherymparisto\/?page_id=451"},"modified":"2025-08-22T08:44:29","modified_gmt":"2025-08-22T05:44:29","slug":"tarinat-ja-tehtavat","status":"publish","type":"page","link":"https:\/\/www.vyl.fi\/viherymparisto\/kampanjat\/puunhalausviikko\/tarinat-ja-tehtavat\/","title":{"rendered":"Tarinat ja teht\u00e4v\u00e4t"},"content":{"rendered":"\n<p><em>Albert-mets\u00e4m\u00e4nnyll\u00e4 on salaper\u00e4inen menneisyys kaukaa historiasta, karsikkopuiden aikakaudelta, mutta t\u00e4n\u00e4 p\u00e4iv\u00e4n\u00e4 t\u00e4m\u00e4 aktiivinen keski-ik\u00e4inen toimii ymp\u00e4rist\u00f6n hyv\u00e4ksi imem\u00e4ll\u00e4 vuosittain 1500 litraa hulevett\u00e4 ja sitomalla 16,8 kilogrammaa hiilt\u00e4. Mets\u00e4tammi Katariinan istutti aikoinaan Kotkan \u00f6ljysatamassa ty\u00f6skennellyt l\u00e4hettitytt\u00f6. Nykyisin 90-vuotias Katariina-tammi asuu kauniissa puistossa luoden sinne lempe\u00e4\u00e4 varjoa sek\u00e4 huolehtii keuhkoistamme v\u00e4hent\u00e4m\u00e4ll\u00e4 ilmansaasteita 1118 grammaa vuodessa.<\/em><\/p>\n\n\n\n<p>Lue lis\u00e4\u00e4 Albertin ja Katariinan tarinoista. Niiden lopusta l\u00f6ytyy my\u00f6s teht\u00e4vi\u00e4 pohdittavaksi!<\/p>\n\n\n\n<figure class=\"wp-block-gallery has-nested-images columns-default is-cropped wp-block-gallery-1 is-layout-flex wp-block-gallery-is-layout-flex\">\n<figure class=\"wp-block-image size-large\"><a href=\"https:\/\/www.vyl.fi\/viherymparisto\/2025\/08\/06\/albert-metsamannyn-tarina\/\"><img loading=\"lazy\" decoding=\"async\" width=\"1024\" height=\"1024\" data-id=\"189\" src=\"https:\/\/www.vyl.fi\/viherymparisto\/wp-content\/uploads\/sites\/2\/2025\/08\/Puupersoonat-Albert-1024x1024.jpg\" alt=\"\" class=\"wp-image-189\" srcset=\"https:\/\/www.vyl.fi\/viherymparisto\/wp-content\/uploads\/sites\/2\/2025\/08\/Puupersoonat-Albert-1024x1024.jpg 1024w, https:\/\/www.vyl.fi\/viherymparisto\/wp-content\/uploads\/sites\/2\/2025\/08\/Puupersoonat-Albert-300x300.jpg 300w, https:\/\/www.vyl.fi\/viherymparisto\/wp-content\/uploads\/sites\/2\/2025\/08\/Puupersoonat-Albert-150x150.jpg 150w, https:\/\/www.vyl.fi\/viherymparisto\/wp-content\/uploads\/sites\/2\/2025\/08\/Puupersoonat-Albert-768x768.jpg 768w, https:\/\/www.vyl.fi\/viherymparisto\/wp-content\/uploads\/sites\/2\/2025\/08\/Puupersoonat-Albert-1536x1536.jpg 1536w, https:\/\/www.vyl.fi\/viherymparisto\/wp-content\/uploads\/sites\/2\/2025\/08\/Puupersoonat-Albert-2048x2048.jpg 2048w, https:\/\/www.vyl.fi\/viherymparisto\/wp-content\/uploads\/sites\/2\/2025\/08\/Puupersoonat-Albert-826x826.jpg 826w\" sizes=\"(max-width: 1024px) 100vw, 1024px\" \/><\/a><\/figure>\n\n\n\n<figure class=\"wp-block-image size-large\"><a href=\"https:\/\/www.vyl.fi\/viherymparisto\/2025\/07\/24\/puuhalaus1\/\"><img loading=\"lazy\" decoding=\"async\" width=\"1024\" height=\"1024\" data-id=\"190\" src=\"https:\/\/www.vyl.fi\/viherymparisto\/wp-content\/uploads\/sites\/2\/2025\/08\/somekuvat-Puupersoonat-Katariina4-1024x1024.jpg\" alt=\"\" class=\"wp-image-190\" srcset=\"https:\/\/www.vyl.fi\/viherymparisto\/wp-content\/uploads\/sites\/2\/2025\/08\/somekuvat-Puupersoonat-Katariina4-1024x1024.jpg 1024w, https:\/\/www.vyl.fi\/viherymparisto\/wp-content\/uploads\/sites\/2\/2025\/08\/somekuvat-Puupersoonat-Katariina4-300x300.jpg 300w, https:\/\/www.vyl.fi\/viherymparisto\/wp-content\/uploads\/sites\/2\/2025\/08\/somekuvat-Puupersoonat-Katariina4-150x150.jpg 150w, https:\/\/www.vyl.fi\/viherymparisto\/wp-content\/uploads\/sites\/2\/2025\/08\/somekuvat-Puupersoonat-Katariina4-768x768.jpg 768w, https:\/\/www.vyl.fi\/viherymparisto\/wp-content\/uploads\/sites\/2\/2025\/08\/somekuvat-Puupersoonat-Katariina4-1536x1536.jpg 1536w, https:\/\/www.vyl.fi\/viherymparisto\/wp-content\/uploads\/sites\/2\/2025\/08\/somekuvat-Puupersoonat-Katariina4-2048x2048.jpg 2048w, https:\/\/www.vyl.fi\/viherymparisto\/wp-content\/uploads\/sites\/2\/2025\/08\/somekuvat-Puupersoonat-Katariina4-826x826.jpg 826w\" sizes=\"(max-width: 1024px) 100vw, 1024px\" \/><\/a><\/figure>\n<\/figure>\n","protected":false},"excerpt":{"rendered":"<p>Albert-mets\u00e4m\u00e4nnyll\u00e4 on salaper\u00e4inen menneisyys kaukaa historiasta, karsikkopuiden aikakaudelta, mutta t\u00e4n\u00e4 p\u00e4iv\u00e4n\u00e4 t\u00e4m\u00e4 aktiivinen keski-ik\u00e4inen toimii ymp\u00e4rist\u00f6n hyv\u00e4ksi imem\u00e4ll\u00e4 vuosittain 1500 litraa hulevett\u00e4 ja sitomalla 16,8 kilogrammaa hiilt\u00e4. Mets\u00e4tammi Katariinan istutti aikoinaan Kotkan \u00f6ljysatamassa ty\u00f6skennellyt l\u00e4hettitytt\u00f6. Nykyisin 90-vuotias Katariina-tammi asuu kauniissa puistossa luoden sinne lempe\u00e4\u00e4 varjoa sek\u00e4 huolehtii keuhkoistamme v\u00e4hent\u00e4m\u00e4ll\u00e4 ilmansaasteita 1118 grammaa vuodessa. Lue lis\u00e4\u00e4 [&hellip;]<\/p>\n","protected":false},"author":5,"featured_media":0,"parent":105,"menu_order":0,"comment_status":"closed","ping_status":"closed","template":"","meta":{"_acf_changed":false,"_relevanssi_hide_post":"","_relevanssi_hide_content":"","_relevanssi_pin_for_all":"","_relevanssi_pin_keywords":"","_relevanssi_unpin_keywords":"","_relevanssi_related_keywords":"","_relevanssi_related_include_ids":"","_relevanssi_related_exclude_ids":"","_relevanssi_related_no_append":"","_relevanssi_related_not_related":"","_relevanssi_related_posts":"121,115,141,124,112,118","_relevanssi_noindex_reason":"","footnotes":""},"class_list":["post-451","page","type-page","status-publish","hentry"],"acf":[],"_links":{"self":[{"href":"https:\/\/www.vyl.fi\/viherymparisto\/wp-json\/wp\/v2\/pages\/451","targetHints":{"allow":["GET"]}}],"collection":[{"href":"https:\/\/www.vyl.fi\/viherymparisto\/wp-json\/wp\/v2\/pages"}],"about":[{"href":"https:\/\/www.vyl.fi\/viherymparisto\/wp-json\/wp\/v2\/types\/page"}],"author":[{"embeddable":true,"href":"https:\/\/www.vyl.fi\/viherymparisto\/wp-json\/wp\/v2\/users\/5"}],"replies":[{"embeddable":true,"href":"https:\/\/www.vyl.fi\/viherymparisto\/wp-json\/wp\/v2\/comments?post=451"}],"version-history":[{"count":1,"href":"https:\/\/www.vyl.fi\/viherymparisto\/wp-json\/wp\/v2\/pages\/451\/revisions"}],"predecessor-version":[{"id":452,"href":"https:\/\/www.vyl.fi\/viherymparisto\/wp-json\/wp\/v2\/pages\/451\/revisions\/452"}],"up":[{"embeddable":true,"href":"https:\/\/www.vyl.fi\/viherymparisto\/wp-json\/wp\/v2\/pages\/105"}],"wp:attachment":[{"href":"https:\/\/www.vyl.fi\/viherymparisto\/wp-json\/wp\/v2\/media?parent=451"}],"curies":[{"name":"wp","href":"https:\/\/api.w.org\/{rel}","templated":true}]}}