{"id":461,"date":"2025-08-22T11:54:31","date_gmt":"2025-08-22T08:54:31","guid":{"rendered":"https:\/\/www.vyl.fi\/viherymparisto\/?page_id=461"},"modified":"2025-08-22T11:54:31","modified_gmt":"2025-08-22T08:54:31","slug":"kauno-isolehtilehmus","status":"publish","type":"page","link":"https:\/\/www.vyl.fi\/viherymparisto\/kampanjat\/puunhalausviikko\/puupersoonat\/kauno-isolehtilehmus\/","title":{"rendered":"Kauno, isolehtilehmus"},"content":{"rendered":"\n<ul class=\"wp-block-list\">\n<li>Kaunon erikoisalaa on kaupunkiymp\u00e4rist\u00f6n viihtyisyydest\u00e4 huolehtiminen<\/li>\n\n\n\n<li>Kauno asuu Espoon Tapiolassa, osoitteessa It\u00e4ranta 15 ja kutsuu kaikki luokseen kyl\u00e4ilem\u00e4\u00e4n!<\/li>\n<\/ul>\n\n\n\n<p>Isolehtilehmus Kaunon t\u00e4rke\u00e4 teht\u00e4v\u00e4 on toimia n\u00e4k\u00f6- ja melusuojana Keh\u00e4 I:n ja asutuksen v\u00e4liss\u00e4. Puu tarjoaa suojaa linnuille ja kukkiessaan my\u00f6s ravintoa p\u00f6lytt\u00e4jille. Kauno on vasta 50-vuotias, mutta kasvanut jo suureksi &#8211; sen ymp\u00e4rysmitta on 280 senttimetri\u00e4! Kauno toimii 2600 kilogramman hiilivarastona, poistaa ilmansaasteita 1202 grammaa ja h\u00f6rppii hulevett\u00e4 2700 litraa vuodessa. Hienoa ty\u00f6t\u00e4! <\/p>\n\n\n\n<figure class=\"wp-block-image size-large\"><img loading=\"lazy\" decoding=\"async\" width=\"1024\" height=\"512\" src=\"https:\/\/www.vyl.fi\/viherymparisto\/wp-content\/uploads\/sites\/2\/2025\/08\/Kauno-kuva-logo-1024x512.jpg\" alt=\"\" class=\"wp-image-463\" srcset=\"https:\/\/www.vyl.fi\/viherymparisto\/wp-content\/uploads\/sites\/2\/2025\/08\/Kauno-kuva-logo-1024x512.jpg 1024w, https:\/\/www.vyl.fi\/viherymparisto\/wp-content\/uploads\/sites\/2\/2025\/08\/Kauno-kuva-logo-300x150.jpg 300w, https:\/\/www.vyl.fi\/viherymparisto\/wp-content\/uploads\/sites\/2\/2025\/08\/Kauno-kuva-logo-768x384.jpg 768w, https:\/\/www.vyl.fi\/viherymparisto\/wp-content\/uploads\/sites\/2\/2025\/08\/Kauno-kuva-logo.jpg 1240w\" sizes=\"(max-width: 1024px) 100vw, 1024px\" \/><\/figure>\n","protected":false},"excerpt":{"rendered":"<p>Isolehtilehmus Kaunon t\u00e4rke\u00e4 teht\u00e4v\u00e4 on toimia n\u00e4k\u00f6- ja melusuojana Keh\u00e4 I:n ja asutuksen v\u00e4liss\u00e4. Puu tarjoaa suojaa linnuille ja kukkiessaan my\u00f6s ravintoa p\u00f6lytt\u00e4jille. Kauno on vasta 50-vuotias, mutta kasvanut jo suureksi &#8211; sen ymp\u00e4rysmitta on 280 senttimetri\u00e4! Kauno toimii 2600 kilogramman hiilivarastona, poistaa ilmansaasteita 1202 grammaa ja h\u00f6rppii hulevett\u00e4 2700 litraa vuodessa. Hienoa ty\u00f6t\u00e4!<\/p>\n","protected":false},"author":5,"featured_media":462,"parent":188,"menu_order":0,"comment_status":"closed","ping_status":"closed","template":"","meta":{"_acf_changed":false,"_relevanssi_hide_post":"","_relevanssi_hide_content":"","_relevanssi_pin_for_all":"","_relevanssi_pin_keywords":"","_relevanssi_unpin_keywords":"","_relevanssi_related_keywords":"","_relevanssi_related_include_ids":"","_relevanssi_related_exclude_ids":"","_relevanssi_related_no_append":"","_relevanssi_related_not_related":"","_relevanssi_related_posts":"115,124,112,183,141,121","_relevanssi_noindex_reason":"","footnotes":""},"class_list":["post-461","page","type-page","status-publish","has-post-thumbnail","hentry"],"acf":[],"_links":{"self":[{"href":"https:\/\/www.vyl.fi\/viherymparisto\/wp-json\/wp\/v2\/pages\/461","targetHints":{"allow":["GET"]}}],"collection":[{"href":"https:\/\/www.vyl.fi\/viherymparisto\/wp-json\/wp\/v2\/pages"}],"about":[{"href":"https:\/\/www.vyl.fi\/viherymparisto\/wp-json\/wp\/v2\/types\/page"}],"author":[{"embeddable":true,"href":"https:\/\/www.vyl.fi\/viherymparisto\/wp-json\/wp\/v2\/users\/5"}],"replies":[{"embeddable":true,"href":"https:\/\/www.vyl.fi\/viherymparisto\/wp-json\/wp\/v2\/comments?post=461"}],"version-history":[{"count":1,"href":"https:\/\/www.vyl.fi\/viherymparisto\/wp-json\/wp\/v2\/pages\/461\/revisions"}],"predecessor-version":[{"id":464,"href":"https:\/\/www.vyl.fi\/viherymparisto\/wp-json\/wp\/v2\/pages\/461\/revisions\/464"}],"up":[{"embeddable":true,"href":"https:\/\/www.vyl.fi\/viherymparisto\/wp-json\/wp\/v2\/pages\/188"}],"wp:featuredmedia":[{"embeddable":true,"href":"https:\/\/www.vyl.fi\/viherymparisto\/wp-json\/wp\/v2\/media\/462"}],"wp:attachment":[{"href":"https:\/\/www.vyl.fi\/viherymparisto\/wp-json\/wp\/v2\/media?parent=461"}],"curies":[{"name":"wp","href":"https:\/\/api.w.org\/{rel}","templated":true}]}}