{"id":467,"date":"2025-08-22T12:03:48","date_gmt":"2025-08-22T09:03:48","guid":{"rendered":"https:\/\/www.vyl.fi\/viherymparisto\/?page_id=467"},"modified":"2025-08-22T12:03:48","modified_gmt":"2025-08-22T09:03:48","slug":"loisto-metsalehmus","status":"publish","type":"page","link":"https:\/\/www.vyl.fi\/viherymparisto\/kampanjat\/puunhalausviikko\/puupersoonat\/loisto-metsalehmus\/","title":{"rendered":"Loisto, mets\u00e4lehmus"},"content":{"rendered":"\n<ul class=\"wp-block-list\">\n<li>Loisto on mahtava tyyppi &#8211; sen ymp\u00e4rysmitta on jopa 330 senttimetri\u00e4!<\/li>\n\n\n\n<li>Loisto toimii 3840 kilogramman hiilivarastona ja pit\u00e4\u00e4 ilman raikkaana poistamalla 1031 grammaa ilmansaasteita vuodessa<\/li>\n<\/ul>\n\n\n\n<p>Espoossa Kyl\u00e4ntorintiell\u00e4 asusteleva mets\u00e4lehmus Loisto jaksaa huolehtia kaupungin viihtyisyydest\u00e4 tiiviisti rakentuvassa ymp\u00e4rist\u00f6ss\u00e4. Komea, 23 metrin korkeuteen kurkottavan puun ymp\u00e4rist\u00f6 on t\u00e4rke\u00e4 heng\u00e4hdyspaikka niin ihmisille, linnuille, hy\u00f6nteisille kuin muille el\u00e4imille. Monille eli\u00f6ille mets\u00e4lehmus tarjoaa suojaisan elinymp\u00e4rist\u00f6n. Loisto my\u00f6s poistaa ymp\u00e4rist\u00f6st\u00e4 hulevesi\u00e4 2300 litraa vuodessa.<\/p>\n\n\n\n<figure class=\"wp-block-image size-large\"><img loading=\"lazy\" decoding=\"async\" width=\"1024\" height=\"512\" src=\"https:\/\/www.vyl.fi\/viherymparisto\/wp-content\/uploads\/sites\/2\/2025\/08\/Loisto-kuva-logo-1024x512.jpg\" alt=\"\" class=\"wp-image-470\" srcset=\"https:\/\/www.vyl.fi\/viherymparisto\/wp-content\/uploads\/sites\/2\/2025\/08\/Loisto-kuva-logo-1024x512.jpg 1024w, https:\/\/www.vyl.fi\/viherymparisto\/wp-content\/uploads\/sites\/2\/2025\/08\/Loisto-kuva-logo-300x150.jpg 300w, https:\/\/www.vyl.fi\/viherymparisto\/wp-content\/uploads\/sites\/2\/2025\/08\/Loisto-kuva-logo-768x384.jpg 768w, https:\/\/www.vyl.fi\/viherymparisto\/wp-content\/uploads\/sites\/2\/2025\/08\/Loisto-kuva-logo.jpg 1240w\" sizes=\"(max-width: 1024px) 100vw, 1024px\" \/><\/figure>\n","protected":false},"excerpt":{"rendered":"<p>Espoossa Kyl\u00e4ntorintiell\u00e4 asusteleva mets\u00e4lehmus Loisto jaksaa huolehtia kaupungin viihtyisyydest\u00e4 tiiviisti rakentuvassa ymp\u00e4rist\u00f6ss\u00e4. Komea, 23 metrin korkeuteen kurkottavan puun ymp\u00e4rist\u00f6 on t\u00e4rke\u00e4 heng\u00e4hdyspaikka niin ihmisille, linnuille, hy\u00f6nteisille kuin muille el\u00e4imille. Monille eli\u00f6ille mets\u00e4lehmus tarjoaa suojaisan elinymp\u00e4rist\u00f6n. Loisto my\u00f6s poistaa ymp\u00e4rist\u00f6st\u00e4 hulevesi\u00e4 2300 litraa vuodessa.<\/p>\n","protected":false},"author":5,"featured_media":469,"parent":188,"menu_order":0,"comment_status":"closed","ping_status":"closed","template":"","meta":{"_acf_changed":false,"_relevanssi_hide_post":"","_relevanssi_hide_content":"","_relevanssi_pin_for_all":"","_relevanssi_pin_keywords":"","_relevanssi_unpin_keywords":"","_relevanssi_related_keywords":"","_relevanssi_related_include_ids":"","_relevanssi_related_exclude_ids":"","_relevanssi_related_no_append":"","_relevanssi_related_not_related":"","_relevanssi_related_posts":"118,124,141,121,183,112","_relevanssi_noindex_reason":"","footnotes":""},"class_list":["post-467","page","type-page","status-publish","has-post-thumbnail","hentry"],"acf":[],"_links":{"self":[{"href":"https:\/\/www.vyl.fi\/viherymparisto\/wp-json\/wp\/v2\/pages\/467","targetHints":{"allow":["GET"]}}],"collection":[{"href":"https:\/\/www.vyl.fi\/viherymparisto\/wp-json\/wp\/v2\/pages"}],"about":[{"href":"https:\/\/www.vyl.fi\/viherymparisto\/wp-json\/wp\/v2\/types\/page"}],"author":[{"embeddable":true,"href":"https:\/\/www.vyl.fi\/viherymparisto\/wp-json\/wp\/v2\/users\/5"}],"replies":[{"embeddable":true,"href":"https:\/\/www.vyl.fi\/viherymparisto\/wp-json\/wp\/v2\/comments?post=467"}],"version-history":[{"count":1,"href":"https:\/\/www.vyl.fi\/viherymparisto\/wp-json\/wp\/v2\/pages\/467\/revisions"}],"predecessor-version":[{"id":471,"href":"https:\/\/www.vyl.fi\/viherymparisto\/wp-json\/wp\/v2\/pages\/467\/revisions\/471"}],"up":[{"embeddable":true,"href":"https:\/\/www.vyl.fi\/viherymparisto\/wp-json\/wp\/v2\/pages\/188"}],"wp:featuredmedia":[{"embeddable":true,"href":"https:\/\/www.vyl.fi\/viherymparisto\/wp-json\/wp\/v2\/media\/469"}],"wp:attachment":[{"href":"https:\/\/www.vyl.fi\/viherymparisto\/wp-json\/wp\/v2\/media?parent=467"}],"curies":[{"name":"wp","href":"https:\/\/api.w.org\/{rel}","templated":true}]}}