{"id":474,"date":"2025-08-22T12:10:18","date_gmt":"2025-08-22T09:10:18","guid":{"rendered":"https:\/\/www.vyl.fi\/viherymparisto\/?page_id=474"},"modified":"2025-08-22T12:10:19","modified_gmt":"2025-08-22T09:10:19","slug":"otso-ja-ohto-mannyt","status":"publish","type":"page","link":"https:\/\/www.vyl.fi\/viherymparisto\/kampanjat\/puunhalausviikko\/puupersoonat\/otso-ja-ohto-mannyt\/","title":{"rendered":"Otso ja Ohto, m\u00e4nnyt"},"content":{"rendered":"\n<ul class=\"wp-block-list\">\n<li>Mahtava m\u00e4ntypari Otso ja Ohto uhmaa painovoimaa ja meren tyrskyj\u00e4<\/li>\n\n\n\n<li>Vehre\u00e4 Otso ja vaalea kelo Ohto t\u00e4ydent\u00e4v\u00e4t toisiaan kuin Jin ja Jang<\/li>\n<\/ul>\n\n\n\n<p>Espoon Karhusaaren ulkoilureitin etel\u00e4k\u00e4rjess\u00e4 merelle kurkottavat vanhan maailman kelohongat Otso ja Ohto. Ne toimivat elinymp\u00e4rist\u00f6in\u00e4 monille eli\u00f6ille. Kuollut Ohto on kuin upea taideteos puun uurteiden kaarevin pensselin sivellyksi, ja el\u00e4v\u00e4n Otson lehv\u00e4st\u00f6 luo sille n\u00e4ytt\u00e4v\u00e4n kontrastin. Kukaan ei tied\u00e4 puiden tarkkaa ik\u00e4\u00e4, mutta niiden arvioidaan olevan noin 300-vuotisia.<\/p>\n\n\n\n<figure class=\"wp-block-image size-large\"><img loading=\"lazy\" decoding=\"async\" width=\"1024\" height=\"512\" src=\"https:\/\/www.vyl.fi\/viherymparisto\/wp-content\/uploads\/sites\/2\/2025\/08\/OtsojaOhto-kuva-logo-1024x512.jpg\" alt=\"\" class=\"wp-image-477\" srcset=\"https:\/\/www.vyl.fi\/viherymparisto\/wp-content\/uploads\/sites\/2\/2025\/08\/OtsojaOhto-kuva-logo-1024x512.jpg 1024w, https:\/\/www.vyl.fi\/viherymparisto\/wp-content\/uploads\/sites\/2\/2025\/08\/OtsojaOhto-kuva-logo-300x150.jpg 300w, https:\/\/www.vyl.fi\/viherymparisto\/wp-content\/uploads\/sites\/2\/2025\/08\/OtsojaOhto-kuva-logo-768x384.jpg 768w, https:\/\/www.vyl.fi\/viherymparisto\/wp-content\/uploads\/sites\/2\/2025\/08\/OtsojaOhto-kuva-logo.jpg 1240w\" sizes=\"(max-width: 1024px) 100vw, 1024px\" \/><\/figure>\n","protected":false},"excerpt":{"rendered":"<p>Espoon Karhusaaren ulkoilureitin etel\u00e4k\u00e4rjess\u00e4 merelle kurkottavat vanhan maailman kelohongat Otso ja Ohto. Ne toimivat elinymp\u00e4rist\u00f6in\u00e4 monille eli\u00f6ille. Kuollut Ohto on kuin upea taideteos puun uurteiden kaarevin pensselin sivellyksi, ja el\u00e4v\u00e4n Otson lehv\u00e4st\u00f6 luo sille n\u00e4ytt\u00e4v\u00e4n kontrastin. Kukaan ei tied\u00e4 puiden tarkkaa ik\u00e4\u00e4, mutta niiden arvioidaan olevan noin 300-vuotisia.<\/p>\n","protected":false},"author":5,"featured_media":476,"parent":188,"menu_order":0,"comment_status":"closed","ping_status":"closed","template":"","meta":{"_acf_changed":false,"_relevanssi_hide_post":"","_relevanssi_hide_content":"","_relevanssi_pin_for_all":"","_relevanssi_pin_keywords":"","_relevanssi_unpin_keywords":"","_relevanssi_related_keywords":"","_relevanssi_related_include_ids":"","_relevanssi_related_exclude_ids":"","_relevanssi_related_no_append":"","_relevanssi_related_not_related":"","_relevanssi_related_posts":"124,112,183,141,118,115","_relevanssi_noindex_reason":"","footnotes":""},"class_list":["post-474","page","type-page","status-publish","has-post-thumbnail","hentry"],"acf":[],"_links":{"self":[{"href":"https:\/\/www.vyl.fi\/viherymparisto\/wp-json\/wp\/v2\/pages\/474","targetHints":{"allow":["GET"]}}],"collection":[{"href":"https:\/\/www.vyl.fi\/viherymparisto\/wp-json\/wp\/v2\/pages"}],"about":[{"href":"https:\/\/www.vyl.fi\/viherymparisto\/wp-json\/wp\/v2\/types\/page"}],"author":[{"embeddable":true,"href":"https:\/\/www.vyl.fi\/viherymparisto\/wp-json\/wp\/v2\/users\/5"}],"replies":[{"embeddable":true,"href":"https:\/\/www.vyl.fi\/viherymparisto\/wp-json\/wp\/v2\/comments?post=474"}],"version-history":[{"count":1,"href":"https:\/\/www.vyl.fi\/viherymparisto\/wp-json\/wp\/v2\/pages\/474\/revisions"}],"predecessor-version":[{"id":478,"href":"https:\/\/www.vyl.fi\/viherymparisto\/wp-json\/wp\/v2\/pages\/474\/revisions\/478"}],"up":[{"embeddable":true,"href":"https:\/\/www.vyl.fi\/viherymparisto\/wp-json\/wp\/v2\/pages\/188"}],"wp:featuredmedia":[{"embeddable":true,"href":"https:\/\/www.vyl.fi\/viherymparisto\/wp-json\/wp\/v2\/media\/476"}],"wp:attachment":[{"href":"https:\/\/www.vyl.fi\/viherymparisto\/wp-json\/wp\/v2\/media?parent=474"}],"curies":[{"name":"wp","href":"https:\/\/api.w.org\/{rel}","templated":true}]}}