{"id":482,"date":"2025-08-22T12:14:40","date_gmt":"2025-08-22T09:14:40","guid":{"rendered":"https:\/\/www.vyl.fi\/viherymparisto\/?page_id=482"},"modified":"2025-08-22T12:14:40","modified_gmt":"2025-08-22T09:14:40","slug":"aina-manty","status":"publish","type":"page","link":"https:\/\/www.vyl.fi\/viherymparisto\/kampanjat\/puunhalausviikko\/puupersoonat\/aina-manty\/","title":{"rendered":"Aina, m\u00e4nty"},"content":{"rendered":"\n<ul class=\"wp-block-list\">\n<li>Taiteilijatyyppi Aina on asunut nykyisen Espoon<br>Kaupunginpuutarhan alueella yli 100 vuotta<\/li>\n\n\n\n<li>M\u00e4nty on t\u00e4rke\u00e4 suojantuoja ja puhdistaa ilmaa<br>poistamalla 605 g ilmansaasteita vuodessa<\/li>\n<\/ul>\n\n\n\n<p>Aina-m\u00e4nty sai nimens\u00e4 maisema-arkkitehti Aina Harju-S\u00f6derbergin mukaan, joka ehdotti 1970-luvulla kaupunginpuutarhan perustamista alueelle. M\u00e4nty on el\u00e4nyt paikallaan jo kauan ennen sit\u00e4, mutta kenties sen tulevaisuus olisi n\u00e4ytt\u00e4nyt erilaiselta ilman t\u00e4t\u00e4 ajatusta. T\u00e4n\u00e4 p\u00e4iv\u00e4n\u00e4 Aina-m\u00e4nty sitoo 16 kg hiilt\u00e4 ja h\u00f6rppii 1300 litraa hulevett\u00e4 vuosittain. Erinomaista toimintaa!<\/p>\n\n\n\n<figure class=\"wp-block-image size-large\"><img loading=\"lazy\" decoding=\"async\" width=\"1024\" height=\"512\" src=\"https:\/\/www.vyl.fi\/viherymparisto\/wp-content\/uploads\/sites\/2\/2025\/08\/Aina-kuva-logo-1024x512.jpg\" alt=\"\" class=\"wp-image-484\" srcset=\"https:\/\/www.vyl.fi\/viherymparisto\/wp-content\/uploads\/sites\/2\/2025\/08\/Aina-kuva-logo-1024x512.jpg 1024w, https:\/\/www.vyl.fi\/viherymparisto\/wp-content\/uploads\/sites\/2\/2025\/08\/Aina-kuva-logo-300x150.jpg 300w, https:\/\/www.vyl.fi\/viherymparisto\/wp-content\/uploads\/sites\/2\/2025\/08\/Aina-kuva-logo-768x384.jpg 768w, https:\/\/www.vyl.fi\/viherymparisto\/wp-content\/uploads\/sites\/2\/2025\/08\/Aina-kuva-logo.jpg 1240w\" sizes=\"(max-width: 1024px) 100vw, 1024px\" \/><\/figure>\n","protected":false},"excerpt":{"rendered":"<p>Aina-m\u00e4nty sai nimens\u00e4 maisema-arkkitehti Aina Harju-S\u00f6derbergin mukaan, joka ehdotti 1970-luvulla kaupunginpuutarhan perustamista alueelle. M\u00e4nty on el\u00e4nyt paikallaan jo kauan ennen sit\u00e4, mutta kenties sen tulevaisuus olisi n\u00e4ytt\u00e4nyt erilaiselta ilman t\u00e4t\u00e4 ajatusta. T\u00e4n\u00e4 p\u00e4iv\u00e4n\u00e4 Aina-m\u00e4nty sitoo 16 kg hiilt\u00e4 ja h\u00f6rppii 1300 litraa hulevett\u00e4 vuosittain. Erinomaista toimintaa!<\/p>\n","protected":false},"author":5,"featured_media":483,"parent":188,"menu_order":0,"comment_status":"closed","ping_status":"closed","template":"","meta":{"_acf_changed":false,"_relevanssi_hide_post":"","_relevanssi_hide_content":"","_relevanssi_pin_for_all":"","_relevanssi_pin_keywords":"","_relevanssi_unpin_keywords":"","_relevanssi_related_keywords":"","_relevanssi_related_include_ids":"","_relevanssi_related_exclude_ids":"","_relevanssi_related_no_append":"","_relevanssi_related_not_related":"","_relevanssi_related_posts":"121,124,118,183,141,112","_relevanssi_noindex_reason":"","footnotes":""},"class_list":["post-482","page","type-page","status-publish","has-post-thumbnail","hentry"],"acf":[],"_links":{"self":[{"href":"https:\/\/www.vyl.fi\/viherymparisto\/wp-json\/wp\/v2\/pages\/482","targetHints":{"allow":["GET"]}}],"collection":[{"href":"https:\/\/www.vyl.fi\/viherymparisto\/wp-json\/wp\/v2\/pages"}],"about":[{"href":"https:\/\/www.vyl.fi\/viherymparisto\/wp-json\/wp\/v2\/types\/page"}],"author":[{"embeddable":true,"href":"https:\/\/www.vyl.fi\/viherymparisto\/wp-json\/wp\/v2\/users\/5"}],"replies":[{"embeddable":true,"href":"https:\/\/www.vyl.fi\/viherymparisto\/wp-json\/wp\/v2\/comments?post=482"}],"version-history":[{"count":1,"href":"https:\/\/www.vyl.fi\/viherymparisto\/wp-json\/wp\/v2\/pages\/482\/revisions"}],"predecessor-version":[{"id":485,"href":"https:\/\/www.vyl.fi\/viherymparisto\/wp-json\/wp\/v2\/pages\/482\/revisions\/485"}],"up":[{"embeddable":true,"href":"https:\/\/www.vyl.fi\/viherymparisto\/wp-json\/wp\/v2\/pages\/188"}],"wp:featuredmedia":[{"embeddable":true,"href":"https:\/\/www.vyl.fi\/viherymparisto\/wp-json\/wp\/v2\/media\/483"}],"wp:attachment":[{"href":"https:\/\/www.vyl.fi\/viherymparisto\/wp-json\/wp\/v2\/media?parent=482"}],"curies":[{"name":"wp","href":"https:\/\/api.w.org\/{rel}","templated":true}]}}