{"id":495,"date":"2025-08-22T12:30:52","date_gmt":"2025-08-22T09:30:52","guid":{"rendered":"https:\/\/www.vyl.fi\/viherymparisto\/?page_id=495"},"modified":"2025-08-22T12:30:52","modified_gmt":"2025-08-22T09:30:52","slug":"osallistu","status":"publish","type":"page","link":"https:\/\/www.vyl.fi\/viherymparisto\/kampanjat\/puunhalausviikko\/osallistu\/","title":{"rendered":"Osallistu!"},"content":{"rendered":"\n<h2 class=\"wp-block-heading\">Osallistuminen on helppoa<\/h2>\n\n\n\n<p>Puunhalausviikon kampanja kannustaa katsomaan oman l\u00e4hiymp\u00e4rist\u00f6n puita uusin silmin ja oppimaan niist\u00e4. T\u00e4ss\u00e4 joitain tapoja, joilla kuka tahansa voi osallistua puutietouden jakamiseen:<\/p>\n\n\n\n<ul class=\"wp-block-list\">\n<li>J\u00e4rjest\u00e4 pihapiknik perheen tai yst\u00e4vien kesken<\/li>\n\n\n\n<li>Pid\u00e4 ty\u00f6palaveri puistossa<\/li>\n\n\n\n<li>Vie koulun oppilaat, p\u00e4iv\u00e4kotilapset tai harrastusryhm\u00e4si l\u00e4himets\u00e4\u00e4n<\/li>\n\n\n\n<li>Tutki ymp\u00e4rist\u00f6n puita ja pohdi, millaisia persoonia ne ovat ja mit\u00e4 ekosysteemipalveluja ne tuottavat<\/li>\n\n\n\n<li>Jaa yksi tai useampi kuva Puunhalausviikon retkest\u00e4 tai hetkest\u00e4 puun luona sosiaalisessa mediassa k\u00e4ytt\u00e4m\u00e4ll\u00e4 tunnisteita <strong>#puunhalausviikko<\/strong> ja <strong>#puupersoona<\/strong><\/li>\n\n\n\n<li>Seuraa teemaviikon Instagram-tili\u00e4 <strong><a href=\"https:\/\/www.instagram.com\/puunhalausviikko\/\">@puunhalausviikko<\/a><\/strong><\/li>\n\n\n\n<li>Tutustu Puunhalausviikon p\u00e4ivittyv\u00e4\u00e4n sivustoon, sielt\u00e4 l\u00f6ytyviin puupersooniin, tarinoihin, teht\u00e4viin ja tietovisaan<\/li>\n<\/ul>\n","protected":false},"excerpt":{"rendered":"<p>Osallistuminen on helppoa Puunhalausviikon kampanja kannustaa katsomaan oman l\u00e4hiymp\u00e4rist\u00f6n puita uusin silmin ja oppimaan niist\u00e4. T\u00e4ss\u00e4 joitain tapoja, joilla kuka tahansa voi osallistua puutietouden jakamiseen:<\/p>\n","protected":false},"author":5,"featured_media":0,"parent":105,"menu_order":0,"comment_status":"closed","ping_status":"closed","template":"","meta":{"_acf_changed":false,"_relevanssi_hide_post":"","_relevanssi_hide_content":"","_relevanssi_pin_for_all":"","_relevanssi_pin_keywords":"","_relevanssi_unpin_keywords":"","_relevanssi_related_keywords":"","_relevanssi_related_include_ids":"","_relevanssi_related_exclude_ids":"","_relevanssi_related_no_append":"","_relevanssi_related_not_related":"","_relevanssi_related_posts":"115,118,121,141,124,183","_relevanssi_noindex_reason":"","footnotes":""},"class_list":["post-495","page","type-page","status-publish","hentry"],"acf":[],"_links":{"self":[{"href":"https:\/\/www.vyl.fi\/viherymparisto\/wp-json\/wp\/v2\/pages\/495","targetHints":{"allow":["GET"]}}],"collection":[{"href":"https:\/\/www.vyl.fi\/viherymparisto\/wp-json\/wp\/v2\/pages"}],"about":[{"href":"https:\/\/www.vyl.fi\/viherymparisto\/wp-json\/wp\/v2\/types\/page"}],"author":[{"embeddable":true,"href":"https:\/\/www.vyl.fi\/viherymparisto\/wp-json\/wp\/v2\/users\/5"}],"replies":[{"embeddable":true,"href":"https:\/\/www.vyl.fi\/viherymparisto\/wp-json\/wp\/v2\/comments?post=495"}],"version-history":[{"count":1,"href":"https:\/\/www.vyl.fi\/viherymparisto\/wp-json\/wp\/v2\/pages\/495\/revisions"}],"predecessor-version":[{"id":496,"href":"https:\/\/www.vyl.fi\/viherymparisto\/wp-json\/wp\/v2\/pages\/495\/revisions\/496"}],"up":[{"embeddable":true,"href":"https:\/\/www.vyl.fi\/viherymparisto\/wp-json\/wp\/v2\/pages\/105"}],"wp:attachment":[{"href":"https:\/\/www.vyl.fi\/viherymparisto\/wp-json\/wp\/v2\/media?parent=495"}],"curies":[{"name":"wp","href":"https:\/\/api.w.org\/{rel}","templated":true}]}}