{"id":497,"date":"2025-08-22T12:34:00","date_gmt":"2025-08-22T09:34:00","guid":{"rendered":"https:\/\/www.vyl.fi\/viherymparisto\/?page_id=497"},"modified":"2025-08-25T09:05:42","modified_gmt":"2025-08-25T06:05:42","slug":"mika-puunhalausviikko","status":"publish","type":"page","link":"https:\/\/www.vyl.fi\/viherymparisto\/kampanjat\/puunhalausviikko\/mika-puunhalausviikko\/","title":{"rendered":"Mik\u00e4 Puunhalausviikko?"},"content":{"rendered":"\n<p>Puunhalausviikko on vuosittain elokuun viimeisell\u00e4 viikolla vietett\u00e4v\u00e4 teemaviikko, jonka aikana nostetaan esiin l\u00e4hiymp\u00e4rist\u00f6mme puiden monia merkityksi\u00e4. Puista on tutkitusti hy\u00f6ty\u00e4 niin ilmaston, luonnon monimuotoisuuden, viihtyisyyden kuin terveytemme kannalta. Tule siis mukaan oppimaan ja jakamaan tietoa t\u00e4rkeist\u00e4 puistamme!<\/p>\n\n\n\n<h2 class=\"wp-block-heading\">Teema 2025: Tutustu puupersooniin ja opi puista! <\/h2>\n\n\n\n<h3 class=\"wp-block-heading\">Puunhalausviikkoa vietet\u00e4\u00e4n 25.\u201331.8.2025 jo 10. kertaa<\/h3>\n\n\n\n<p><em>Albert-mets\u00e4m\u00e4nnyll\u00e4 on salaper\u00e4inen menneisyys kaukaa historiasta, karsikkopuiden aikakaudelta, mutta t\u00e4n\u00e4 p\u00e4iv\u00e4n\u00e4 t\u00e4m\u00e4 aktiivinen keski-ik\u00e4inen toimii ymp\u00e4rist\u00f6n hyv\u00e4ksi imem\u00e4ll\u00e4 vuosittain 1500 litraa hulevett\u00e4 ja sitomalla 16,8 kilogrammaa hiilt\u00e4. Mets\u00e4tammi Katariinan istutti aikoinaan Kotkan \u00f6ljysatamassa ty\u00f6skennellyt l\u00e4hettitytt\u00f6. Nykyisin 90-vuotias Katariina-tammi asuu kauniissa puistossa luoden sinne lempe\u00e4\u00e4 varjoa sek\u00e4 huolehtii keuhkoistamme v\u00e4hent\u00e4m\u00e4ll\u00e4 ilmansaasteita 1118 grammaa vuodessa.<\/em><\/p>\n\n\n\n<div class=\"wp-block-buttons is-layout-flex wp-block-buttons-is-layout-flex\">\n<div class=\"wp-block-button\"><a class=\"wp-block-button__link wp-element-button\" href=\"https:\/\/www.vyl.fi\/viherymparisto\/2025\/08\/06\/albert-metsamannyn-tarina\/\">Lue Albertin tarina<\/a><\/div>\n\n\n\n<div class=\"wp-block-button\"><a class=\"wp-block-button__link wp-element-button\" href=\"https:\/\/www.vyl.fi\/viherymparisto\/2025\/07\/24\/puuhalaus1\/\">Lue Katariinan tarina<\/a><\/div>\n<\/div>\n\n\n\n<p><strong>Albert ja Katariina ovat mukana Viherymp\u00e4rist\u00f6liiton koordinoimassa Puunhalausviikon kampanjassa, jossa nostetaan t\u00e4n\u00e4 vuonna esiin kaupunkiemme merkityksellisi\u00e4 puupersoonia ja jaetaan tietoa puiden monista t\u00e4rkeist\u00e4 teht\u00e4vist\u00e4 kaikille vauvasta vaariin. Puunhalausviikkoa vietet\u00e4\u00e4n elokuun viimeisell\u00e4 viikolla jo 10. kertaa. Mukana kampanjassa on yli 10 suomalaista kaupunkia sek\u00e4 seurakuntia, j\u00e4rjest\u00f6j\u00e4 ja muita toimijoita.<\/strong><\/p>\n\n\n\n<p>Kaikki ymp\u00e4rist\u00f6mme puut sitovat hiilt\u00e4, est\u00e4v\u00e4 hulevesien syntymist\u00e4 ja v\u00e4hent\u00e4v\u00e4t ilmansaasteita. Puulajiin ja puun kokoon perustuvat arviot n\u00e4iden vaikutusten m\u00e4\u00e4rist\u00e4 on saatu i-Tree -laskentamenetelm\u00e4ll\u00e4, joka on kehitetty Luonnonvarakeskuksen tutkimushankkeessa vuosina 2018\u20132021. Hiilensidonta, hulevesien ja ilmansaasteiden v\u00e4hent\u00e4minen sek\u00e4 erilaiset luonnon monimuotoisuutta ja ihmisten hyvinvointia tukevat vaikutukset ovat ekosysteemipalveluita, joita puut tuottavat.<\/p>\n\n\n\n<p>T\u00e4n\u00e4 vuonna Puunhalausviikko nostaa esiin puiden merkityst\u00e4 ekosysteemipalvelujen tuottajana esittelem\u00e4ll\u00e4 sympaattisia puupersoonia luonteenpiirteineen ja el\u00e4m\u00e4ntarinoineen. Puupersoonat asuvat Suomen eri kaupungeissa, joissa ne tuottavat ekosysteemipalveluja ihmisten ja muiden lajien hyv\u00e4ksi.<\/p>\n\n\n\n<p><em>Puunhalausviikon j\u00e4rjest\u00e4v\u00e4t Viherymp\u00e4rist\u00f6liitto, Maa- ja kotitalousnaiset, Suomen Puunhoidon Yhdistys SPY ry, Kaupunginpuutarhurien Seura ry, Puutarhaliitto ry ja Helsingin yliopisto. Puunhalausviikko on my\u00f6s osa 30.8. vietett\u00e4v\u00e4n Suomen luonnon p\u00e4iv\u00e4n tapahtumia.<\/em><\/p>\n","protected":false},"excerpt":{"rendered":"<p>Puunhalausviikko on vuosittain elokuun viimeisell\u00e4 viikolla vietett\u00e4v\u00e4 teemaviikko, jonka aikana nostetaan esiin l\u00e4hiymp\u00e4rist\u00f6mme puiden monia merkityksi\u00e4. Puista on tutkitusti hy\u00f6ty\u00e4 niin ilmaston, luonnon monimuotoisuuden, viihtyisyyden kuin terveytemme kannalta. Tule siis mukaan oppimaan ja jakamaan tietoa t\u00e4rkeist\u00e4 puistamme! Teema 2025: Tutustu puupersooniin ja opi puista! Puunhalausviikkoa vietet\u00e4\u00e4n 25.\u201331.8.2025 jo 10. kertaa Albert-mets\u00e4m\u00e4nnyll\u00e4 on salaper\u00e4inen menneisyys kaukaa [&hellip;]<\/p>\n","protected":false},"author":5,"featured_media":0,"parent":105,"menu_order":0,"comment_status":"closed","ping_status":"closed","template":"","meta":{"_acf_changed":false,"_relevanssi_hide_post":"","_relevanssi_hide_content":"","_relevanssi_pin_for_all":"","_relevanssi_pin_keywords":"","_relevanssi_unpin_keywords":"","_relevanssi_related_keywords":"","_relevanssi_related_include_ids":"","_relevanssi_related_exclude_ids":"","_relevanssi_related_no_append":"","_relevanssi_related_not_related":"","_relevanssi_related_posts":"124,183,112,118,121,115","_relevanssi_noindex_reason":"","footnotes":""},"class_list":["post-497","page","type-page","status-publish","hentry"],"acf":[],"_links":{"self":[{"href":"https:\/\/www.vyl.fi\/viherymparisto\/wp-json\/wp\/v2\/pages\/497","targetHints":{"allow":["GET"]}}],"collection":[{"href":"https:\/\/www.vyl.fi\/viherymparisto\/wp-json\/wp\/v2\/pages"}],"about":[{"href":"https:\/\/www.vyl.fi\/viherymparisto\/wp-json\/wp\/v2\/types\/page"}],"author":[{"embeddable":true,"href":"https:\/\/www.vyl.fi\/viherymparisto\/wp-json\/wp\/v2\/users\/5"}],"replies":[{"embeddable":true,"href":"https:\/\/www.vyl.fi\/viherymparisto\/wp-json\/wp\/v2\/comments?post=497"}],"version-history":[{"count":3,"href":"https:\/\/www.vyl.fi\/viherymparisto\/wp-json\/wp\/v2\/pages\/497\/revisions"}],"predecessor-version":[{"id":516,"href":"https:\/\/www.vyl.fi\/viherymparisto\/wp-json\/wp\/v2\/pages\/497\/revisions\/516"}],"up":[{"embeddable":true,"href":"https:\/\/www.vyl.fi\/viherymparisto\/wp-json\/wp\/v2\/pages\/105"}],"wp:attachment":[{"href":"https:\/\/www.vyl.fi\/viherymparisto\/wp-json\/wp\/v2\/media?parent=497"}],"curies":[{"name":"wp","href":"https:\/\/api.w.org\/{rel}","templated":true}]}}