{"id":519,"date":"2025-08-25T15:10:05","date_gmt":"2025-08-25T12:10:05","guid":{"rendered":"https:\/\/www.vyl.fi\/viherymparisto\/?page_id=519"},"modified":"2025-08-25T15:10:05","modified_gmt":"2025-08-25T12:10:05","slug":"otto-visakoivu","status":"publish","type":"page","link":"https:\/\/www.vyl.fi\/viherymparisto\/kampanjat\/puunhalausviikko\/puupersoonat\/otto-visakoivu\/","title":{"rendered":"Otto, visakoivu"},"content":{"rendered":"\n<ul class=\"wp-block-list\">\n<li>historiallisen H\u00e4meenlinnan kaupunginpuiston<br>hiljainen vartija<\/li>\n\n\n\n<li>ajaton hahmo satumaisessa maisemassa<\/li>\n<\/ul>\n\n\n\n<p>1800-luvulla el\u00e4nyt maaherra kuvern\u00f6\u00f6ri Otto Rehbinder istutti noin 200 puuta nykyisen kaupunginpuiston alueelle. Visakoivu Otto on tallettanut tarinoita keisarillisista vierailuista, vappujuhlista ja puhallinmusiikista. Puiston korkeimmalla kohdalla kohoaa huvimaja, josta avautuu n\u00e4kym\u00e4 yli Vanajaveden ja kaupungin.Visakoivun oksa kiertyy huvimajan katolle. Otolle on rakennettu \u2019kainalokeppi\u2019, joka kannattelee oksan painoa.<\/p>\n\n\n\n<figure class=\"wp-block-image size-large\"><img loading=\"lazy\" decoding=\"async\" width=\"1024\" height=\"512\" src=\"https:\/\/www.vyl.fi\/viherymparisto\/wp-content\/uploads\/sites\/2\/2025\/08\/Otto-kuva-logo-1024x512.jpg\" alt=\"\" class=\"wp-image-521\" srcset=\"https:\/\/www.vyl.fi\/viherymparisto\/wp-content\/uploads\/sites\/2\/2025\/08\/Otto-kuva-logo-1024x512.jpg 1024w, https:\/\/www.vyl.fi\/viherymparisto\/wp-content\/uploads\/sites\/2\/2025\/08\/Otto-kuva-logo-300x150.jpg 300w, https:\/\/www.vyl.fi\/viherymparisto\/wp-content\/uploads\/sites\/2\/2025\/08\/Otto-kuva-logo-768x384.jpg 768w, https:\/\/www.vyl.fi\/viherymparisto\/wp-content\/uploads\/sites\/2\/2025\/08\/Otto-kuva-logo.jpg 1240w\" sizes=\"(max-width: 1024px) 100vw, 1024px\" \/><\/figure>\n","protected":false},"excerpt":{"rendered":"<p>1800-luvulla el\u00e4nyt maaherra kuvern\u00f6\u00f6ri Otto Rehbinder istutti noin 200 puuta nykyisen kaupunginpuiston alueelle. Visakoivu Otto on tallettanut tarinoita keisarillisista vierailuista, vappujuhlista ja puhallinmusiikista. Puiston korkeimmalla kohdalla kohoaa huvimaja, josta avautuu n\u00e4kym\u00e4 yli Vanajaveden ja kaupungin.Visakoivun oksa kiertyy huvimajan katolle. Otolle on rakennettu \u2019kainalokeppi\u2019, joka kannattelee oksan painoa.<\/p>\n","protected":false},"author":5,"featured_media":520,"parent":188,"menu_order":0,"comment_status":"closed","ping_status":"closed","template":"","meta":{"_acf_changed":false,"_relevanssi_hide_post":"","_relevanssi_hide_content":"","_relevanssi_pin_for_all":"","_relevanssi_pin_keywords":"","_relevanssi_unpin_keywords":"","_relevanssi_related_keywords":"","_relevanssi_related_include_ids":"","_relevanssi_related_exclude_ids":"","_relevanssi_related_no_append":"","_relevanssi_related_not_related":"","_relevanssi_related_posts":"115,121,124,118,141,112","_relevanssi_noindex_reason":"","footnotes":""},"class_list":["post-519","page","type-page","status-publish","has-post-thumbnail","hentry"],"acf":[],"_links":{"self":[{"href":"https:\/\/www.vyl.fi\/viherymparisto\/wp-json\/wp\/v2\/pages\/519","targetHints":{"allow":["GET"]}}],"collection":[{"href":"https:\/\/www.vyl.fi\/viherymparisto\/wp-json\/wp\/v2\/pages"}],"about":[{"href":"https:\/\/www.vyl.fi\/viherymparisto\/wp-json\/wp\/v2\/types\/page"}],"author":[{"embeddable":true,"href":"https:\/\/www.vyl.fi\/viherymparisto\/wp-json\/wp\/v2\/users\/5"}],"replies":[{"embeddable":true,"href":"https:\/\/www.vyl.fi\/viherymparisto\/wp-json\/wp\/v2\/comments?post=519"}],"version-history":[{"count":1,"href":"https:\/\/www.vyl.fi\/viherymparisto\/wp-json\/wp\/v2\/pages\/519\/revisions"}],"predecessor-version":[{"id":522,"href":"https:\/\/www.vyl.fi\/viherymparisto\/wp-json\/wp\/v2\/pages\/519\/revisions\/522"}],"up":[{"embeddable":true,"href":"https:\/\/www.vyl.fi\/viherymparisto\/wp-json\/wp\/v2\/pages\/188"}],"wp:featuredmedia":[{"embeddable":true,"href":"https:\/\/www.vyl.fi\/viherymparisto\/wp-json\/wp\/v2\/media\/520"}],"wp:attachment":[{"href":"https:\/\/www.vyl.fi\/viherymparisto\/wp-json\/wp\/v2\/media?parent=519"}],"curies":[{"name":"wp","href":"https:\/\/api.w.org\/{rel}","templated":true}]}}