{"id":88,"date":"2025-06-05T13:02:12","date_gmt":"2025-06-05T10:02:12","guid":{"rendered":"https:\/\/u79114.www2.webdomain.fi\/puunhalausviikko\/?page_id=88"},"modified":"2026-04-09T12:14:50","modified_gmt":"2026-04-09T09:14:50","slug":"mediatiedot","status":"publish","type":"page","link":"https:\/\/www.vyl.fi\/viherymparisto\/mediatiedot\/","title":{"rendered":"Mediatiedot"},"content":{"rendered":"\n<div class=\"wp-block-lala-blocks-lala-infobox-with-title\">\n<p><a href=\"https:\/\/www.vyl.fi\/viherymparisto\/wp-content\/uploads\/sites\/2\/2026\/01\/Mediakortti-2026-WEB-.pdf\" data-type=\"attachment\" data-id=\"653\" target=\"_blank\" rel=\"noreferrer noopener\">MEDIAKORTTI 2026<\/a><\/p>\n<\/div>\n\n\n\n<h2 class=\"wp-block-heading\">Teemat ja aikataulut<\/h2>\n\n\n\n<figure class=\"wp-block-table\"><table class=\"has-fixed-layout\"><thead><tr><th><strong>Numero<\/strong><\/th><th><strong>Teema<\/strong><\/th><th><strong>Artikkeli-<\/strong><br><strong>aineistot<br>viimeist\u00e4\u00e4n<\/strong><\/th><th><strong>Ilmoitus-<\/strong><br><strong>aineistot viimeist\u00e4\u00e4n<\/strong><\/th><th><strong>Julkaisup\u00e4iv\u00e4<\/strong><\/th><\/tr><\/thead><tbody><tr><td>Vihre\u00e4 kirja 2026<\/td><td><strong>Hyvinvointi rakentuu el\u00e4v\u00e4ss\u00e4 ymp\u00e4rist\u00f6ss\u00e4<\/strong><\/td><td>&#8211;<\/td><td>8.12.2025<\/td><td>5.1.2026<\/td><\/tr><tr><td>1\/2026<\/td><td><strong>El\u00e4m\u00e4\u00e4 kaduille ja teille<\/strong><\/td><td>5.1.2026<\/td><td>19.1.2026<\/td><td>9.2.2026<\/td><\/tr><tr><td>2\/2026<\/td><td><strong>Rakennetaan kest\u00e4v\u00e4\u00e4 vehreytt\u00e4<\/strong><\/td><td>9.3.2026<\/td><td>23.3.2026<\/td><td>13.4.2026<\/td><\/tr><tr><td>3\/2026<\/td><td><strong>Kuntamaisema uudistumassa<\/strong><\/td><td>11.5.2026<\/td><td>25.5.2026<\/td><td>15.6.2026<\/td><\/tr><tr><td>4\/2026<\/td><td><strong>Monimuotoinen kiinteist\u00f6piha<\/strong><\/td><td>27.7.2026<\/td><td>10.8.2026<\/td><td>31.8.2026<\/td><\/tr><tr><td>5\/2026<\/td><td><strong>Viheralan merkitys kasvussa<\/strong><\/td><td>14.9.2026<\/td><td>28.9.2026<\/td><td>19.10.2026<\/td><\/tr><tr><td>6\/2026<\/td><td><strong>Valo, maisema ja arkkitehtuuri<\/strong><\/td><td>9.11.2026<\/td><td>23.11.2026<\/td><td>14.12.2026<\/td><\/tr><\/tbody><\/table><\/figure>\n\n\n\n<div class=\"wp-block-lala-blocks-lala-infobox-with-title\">\n<h2 class=\"wp-block-heading\">Mediamyynti ja yhteisty\u00f6<\/h2>\n\n\n\n<p>Juha Lecklin<\/p>\n\n\n\n<p>asiakkuusp\u00e4\u00e4llikk\u00f6<br>044 901 9153&nbsp;<br><a href=\"javascript:;\">juha.lecklin@vyl.fi<\/a><\/p>\n<\/div>\n\n\n\n<h2 class=\"wp-block-heading\"><\/h2>\n","protected":false},"excerpt":{"rendered":"<p>Teemat ja aikataulut Numero Teema Artikkeli-aineistotviimeist\u00e4\u00e4n Ilmoitus-aineistot viimeist\u00e4\u00e4n Julkaisup\u00e4iv\u00e4 Vihre\u00e4 kirja 2026 Hyvinvointi rakentuu el\u00e4v\u00e4ss\u00e4 ymp\u00e4rist\u00f6ss\u00e4 &#8211; 8.12.2025 5.1.2026 1\/2026 El\u00e4m\u00e4\u00e4 kaduille ja teille 5.1.2026 19.1.2026 9.2.2026 2\/2026 Rakennetaan kest\u00e4v\u00e4\u00e4 vehreytt\u00e4 9.3.2026 23.3.2026 13.4.2026 3\/2026 Kuntamaisema uudistumassa 11.5.2026 25.5.2026 15.6.2026 4\/2026 Monimuotoinen kiinteist\u00f6piha 27.7.2026 10.8.2026 31.8.2026 5\/2026 Viheralan merkitys kasvussa 14.9.2026 28.9.2026 19.10.2026 6\/2026 Valo, [&hellip;]<\/p>\n","protected":false},"author":5,"featured_media":1149,"parent":0,"menu_order":0,"comment_status":"closed","ping_status":"closed","template":"","meta":{"_acf_changed":false,"_relevanssi_hide_post":"","_relevanssi_hide_content":"","_relevanssi_pin_for_all":"","_relevanssi_pin_keywords":"","_relevanssi_unpin_keywords":"","_relevanssi_related_keywords":"","_relevanssi_related_include_ids":"","_relevanssi_related_exclude_ids":"","_relevanssi_related_no_append":"","_relevanssi_related_not_related":"","_relevanssi_related_posts":"1","_relevanssi_noindex_reason":"","footnotes":""},"class_list":["post-88","page","type-page","status-publish","has-post-thumbnail","hentry"],"acf":[],"_links":{"self":[{"href":"https:\/\/www.vyl.fi\/viherymparisto\/wp-json\/wp\/v2\/pages\/88","targetHints":{"allow":["GET"]}}],"collection":[{"href":"https:\/\/www.vyl.fi\/viherymparisto\/wp-json\/wp\/v2\/pages"}],"about":[{"href":"https:\/\/www.vyl.fi\/viherymparisto\/wp-json\/wp\/v2\/types\/page"}],"author":[{"embeddable":true,"href":"https:\/\/www.vyl.fi\/viherymparisto\/wp-json\/wp\/v2\/users\/5"}],"replies":[{"embeddable":true,"href":"https:\/\/www.vyl.fi\/viherymparisto\/wp-json\/wp\/v2\/comments?post=88"}],"version-history":[{"count":17,"href":"https:\/\/www.vyl.fi\/viherymparisto\/wp-json\/wp\/v2\/pages\/88\/revisions"}],"predecessor-version":[{"id":1358,"href":"https:\/\/www.vyl.fi\/viherymparisto\/wp-json\/wp\/v2\/pages\/88\/revisions\/1358"}],"wp:featuredmedia":[{"embeddable":true,"href":"https:\/\/www.vyl.fi\/viherymparisto\/wp-json\/wp\/v2\/media\/1149"}],"wp:attachment":[{"href":"https:\/\/www.vyl.fi\/viherymparisto\/wp-json\/wp\/v2\/media?parent=88"}],"curies":[{"name":"wp","href":"https:\/\/api.w.org\/{rel}","templated":true}]}}