{"id":90,"date":"2025-06-05T13:02:35","date_gmt":"2025-06-05T10:02:35","guid":{"rendered":"https:\/\/u79114.www2.webdomain.fi\/puunhalausviikko\/?page_id=90"},"modified":"2026-04-07T06:13:38","modified_gmt":"2026-04-07T03:13:38","slug":"yhteystiedot","status":"publish","type":"page","link":"https:\/\/www.vyl.fi\/viherymparisto\/yhteystiedot\/","title":{"rendered":"Yhteystiedot"},"content":{"rendered":"\n<div class=\"wp-block-lala-blocks-lala-infobox-with-title\">\n<h2 class=\"wp-block-heading\">TILAUKSET ja tilaustietojen muutokset<\/h2>\n\n\n\n<p><a href=\"https:\/\/services3.kustantajapalvelut.fi\/eAsiointi\/Viherymparisto\/index.php\">Tilaajapalvelu<\/a><\/p>\n\n\n\n<p><a href=\"mailto:viherymparisto@atex.com\">viherymparisto@atex.com<\/a><\/p>\n<\/div>\n\n\n\n<div class=\"wp-block-lala-blocks-lala-infobox-with-title\">\n<h2 class=\"wp-block-heading\">toimitus<\/h2>\n\n\n\n<p>Liisa Hyttinen<br>p\u00e4\u00e4toimittaja<br><a href=\"tel:040%20572%200299\">040 572 0299<\/a><br><a href=\"javascript:;\">liisa.hyttinen@vyl.fi<\/a>\u00a0<\/p>\n<\/div>\n\n\n\n<h3 class=\"wp-block-heading\"><strong>Toimituskunnan j\u00e4senet<\/strong><\/h3>\n\n\n\n<p>Taavi Forssell (Viherymp\u00e4rist\u00f6liitto)<br>Katriina Arrakoski (Kaupunginpuutarhurien seura ry)<br>Nita Koskiahde (Suomen Maisema-arkkitehtiliitto ry \u2013 MARK)<br>Heli Nukki (Maisemasuunnittelijat ry)<br>Niina Loijas&nbsp;(Suomen Puunhoidon Yhdistys ry)<br>Hanna Tajakka (Taimistoviljelij\u00e4t&nbsp;ry)<br>Meri Mannerla-Magnusson (Viher- ja puutarha-alan opettajayhdistys ry)<br>Salla Laukia (Viher- ja ymp\u00e4rist\u00f6rakentajat ry)<br>Juha Ollila (Seurakuntapuutarhurit ry)<br>Hilla-Maaria Karppinen (Puutarhanrakentajat ry)<br>Tommi Laakkonen (METO Kuntien mets\u00e4asiantuntijat ry)<\/p>\n\n\n\n<div class=\"wp-block-lala-blocks-lala-infobox-with-title\">\n<h2 class=\"wp-block-heading\">Mediamyynti ja yhteisty\u00f6<\/h2>\n\n\n\n<p>Juha Lecklin<br>asiakkuusp\u00e4\u00e4llikk\u00f6<br><a href=\"tel:+358%2040%20867%209805\">044&nbsp;901 9153<\/a><br><a href=\"javascript:;\" target=\"_blank\" rel=\"noreferrer noopener\">juha.lecklin@vyl.fi<\/a><\/p>\n<\/div>\n\n\n\n<div class=\"wp-block-lala-blocks-lala-infobox-with-title\">\n<h2 class=\"wp-block-heading\">Ilmoitusaineistot<\/h2>\n\n\n\n<p><a href=\"mailto:ilmoitukset@viherymparisto.fi\">ilmoitukset@viherymparisto.fi<\/a><\/p>\n<\/div>\n","protected":false},"excerpt":{"rendered":"<p>Toimituskunnan j\u00e4senet Taavi Forssell (Viherymp\u00e4rist\u00f6liitto)Katriina Arrakoski (Kaupunginpuutarhurien seura ry)Nita Koskiahde (Suomen Maisema-arkkitehtiliitto ry \u2013 MARK)Heli Nukki (Maisemasuunnittelijat ry)Niina Loijas&nbsp;(Suomen Puunhoidon Yhdistys ry)Hanna Tajakka (Taimistoviljelij\u00e4t&nbsp;ry)Meri Mannerla-Magnusson (Viher- ja puutarha-alan opettajayhdistys ry)Salla Laukia (Viher- ja ymp\u00e4rist\u00f6rakentajat ry)Juha Ollila (Seurakuntapuutarhurit ry)Hilla-Maaria Karppinen (Puutarhanrakentajat ry)Tommi Laakkonen (METO Kuntien mets\u00e4asiantuntijat ry)<\/p>\n","protected":false},"author":5,"featured_media":166,"parent":0,"menu_order":0,"comment_status":"closed","ping_status":"closed","template":"","meta":{"_acf_changed":false,"_relevanssi_hide_post":"","_relevanssi_hide_content":"","_relevanssi_pin_for_all":"","_relevanssi_pin_keywords":"","_relevanssi_unpin_keywords":"","_relevanssi_related_keywords":"","_relevanssi_related_include_ids":"","_relevanssi_related_exclude_ids":"","_relevanssi_related_no_append":"","_relevanssi_related_not_related":"","_relevanssi_related_posts":"1","_relevanssi_noindex_reason":"","footnotes":""},"class_list":["post-90","page","type-page","status-publish","has-post-thumbnail","hentry"],"acf":[],"_links":{"self":[{"href":"https:\/\/www.vyl.fi\/viherymparisto\/wp-json\/wp\/v2\/pages\/90","targetHints":{"allow":["GET"]}}],"collection":[{"href":"https:\/\/www.vyl.fi\/viherymparisto\/wp-json\/wp\/v2\/pages"}],"about":[{"href":"https:\/\/www.vyl.fi\/viherymparisto\/wp-json\/wp\/v2\/types\/page"}],"author":[{"embeddable":true,"href":"https:\/\/www.vyl.fi\/viherymparisto\/wp-json\/wp\/v2\/users\/5"}],"replies":[{"embeddable":true,"href":"https:\/\/www.vyl.fi\/viherymparisto\/wp-json\/wp\/v2\/comments?post=90"}],"version-history":[{"count":10,"href":"https:\/\/www.vyl.fi\/viherymparisto\/wp-json\/wp\/v2\/pages\/90\/revisions"}],"predecessor-version":[{"id":1338,"href":"https:\/\/www.vyl.fi\/viherymparisto\/wp-json\/wp\/v2\/pages\/90\/revisions\/1338"}],"wp:featuredmedia":[{"embeddable":true,"href":"https:\/\/www.vyl.fi\/viherymparisto\/wp-json\/wp\/v2\/media\/166"}],"wp:attachment":[{"href":"https:\/\/www.vyl.fi\/viherymparisto\/wp-json\/wp\/v2\/media?parent=90"}],"curies":[{"name":"wp","href":"https:\/\/api.w.org\/{rel}","templated":true}]}}