{"id":48,"date":"2025-03-20T13:32:04","date_gmt":"2025-03-20T11:32:04","guid":{"rendered":"https:\/\/www.vyl.fi\/vuodenymparistorakenne\/?page_id=48"},"modified":"2025-04-10T19:47:43","modified_gmt":"2025-04-10T16:47:43","slug":"tilastotietoa","status":"publish","type":"page","link":"https:\/\/www.vyl.fi\/vuodenymparistorakenne\/kilpailun-esittely\/tilastotietoa\/","title":{"rendered":"Tilastotietoa"},"content":{"rendered":"\n<p>Palkitut kohteet ovat vuosien aikana jakautuneet useisiin eri kategorioihin ja samassa kohteessa on voinut olla my\u00f6s osia eri kategorioista. Vuosien saatossa voittaja kohteissa on ollut:<\/p>\n\n\n\n<ul class=\"wp-block-list\">\n<li>puisto 45 %<\/li>\n\n\n\n<li>katu- ja k\u00e4velyalue tai tori 17,3 %<\/li>\n\n\n\n<li>asuntoyhti\u00f6piha 7,0 %<\/li>\n\n\n\n<li>yritysymp\u00e4rist\u00f6 10,3 %<\/li>\n\n\n\n<li>kansipiha 3,3 %<\/li>\n\n\n\n<li>oppilaitos, toimintakeskus 10,3 %<\/li>\n\n\n\n<li>ranta-alue, kanava 31,0 %<\/li>\n<\/ul>\n\n\n\n<p>Voittajakohteiden tilaajina ovat olleet erityisesti julkisen sektorin edustajat, erityisesti kaupungit (76,7 %), ja palkinnot keskittyv\u00e4t muutamiin kaupunkeihin. Yritysten osuus tilaajina on ollut 20 %.<\/p>\n\n\n\n<ul class=\"wp-block-list\">\n<li>Ensimm\u00e4inen yritysymp\u00e4rist\u00f6 voitti palkinnon vuonna 1993.<\/li>\n\n\n\n<li>Erilaiset ymp\u00e4rist\u00f6\u00e4 parantavat kohteet ovat saaneet useita palkintoja. Esimerkkein\u00e4 Sapokan vesipuisto vuonna 1994 ja Katariinan Meripuisto 2012 sek\u00e4 jokiymp\u00e4rist\u00f6\u00e4 ennallistava Lasaretinsaaren alue vuonna 2005.<\/li>\n\n\n\n<li>Asuntoyhti\u00f6- ja yrityspihat nousivat ajan ilmi\u00f6iksi, mutta n\u00e4kyiv\u00e4t kilpailussa viiveell\u00e4. Ensimm\u00e4isen asuntoyhti\u00f6voittaja valittiin 2016.<\/li>\n\n\n\n<li>Ymp\u00e4rist\u00f6taidetta on voittajakohteissa ollut useina vuosina.<\/li>\n\n\n\n<li>Katuymp\u00e4rist\u00f6 on palkittu, mutta yht\u00e4\u00e4n tieymp\u00e4rist\u00f6\u00e4 ei ole viel\u00e4 ollut voittajakohteissa.<\/li>\n\n\n\n<li>Vuonna 2019 voittajakohde edusti aikansa ilmi\u00f6t\u00e4 kansipihat ja viherkatot.<\/li>\n<\/ul>\n","protected":false},"excerpt":{"rendered":"<p>Palkitut kohteet ovat vuosien aikana jakautuneet useisiin eri kategorioihin ja samassa kohteessa on voinut olla my\u00f6s osia eri kategorioista. Vuosien saatossa voittaja kohteissa on ollut: Voittajakohteiden tilaajina ovat olleet erityisesti julkisen sektorin edustajat, erityisesti kaupungit (76,7 %), ja palkinnot keskittyv\u00e4t muutamiin kaupunkeihin. Yritysten osuus tilaajina on ollut 20 %.<\/p>\n","protected":false},"author":8,"featured_media":0,"parent":4,"menu_order":3,"comment_status":"closed","ping_status":"closed","template":"","meta":{"_acf_changed":false,"_relevanssi_hide_post":"","_relevanssi_hide_content":"","_relevanssi_pin_for_all":"","_relevanssi_pin_keywords":"","_relevanssi_unpin_keywords":"","_relevanssi_related_keywords":"","_relevanssi_related_include_ids":"","_relevanssi_related_exclude_ids":"","_relevanssi_related_no_append":"","_relevanssi_related_not_related":"","_relevanssi_related_posts":"87,98,138,142,144,140","_relevanssi_noindex_reason":"","footnotes":""},"class_list":["post-48","page","type-page","status-publish","hentry"],"acf":[],"_links":{"self":[{"href":"https:\/\/www.vyl.fi\/vuodenymparistorakenne\/wp-json\/wp\/v2\/pages\/48","targetHints":{"allow":["GET"]}}],"collection":[{"href":"https:\/\/www.vyl.fi\/vuodenymparistorakenne\/wp-json\/wp\/v2\/pages"}],"about":[{"href":"https:\/\/www.vyl.fi\/vuodenymparistorakenne\/wp-json\/wp\/v2\/types\/page"}],"author":[{"embeddable":true,"href":"https:\/\/www.vyl.fi\/vuodenymparistorakenne\/wp-json\/wp\/v2\/users\/8"}],"replies":[{"embeddable":true,"href":"https:\/\/www.vyl.fi\/vuodenymparistorakenne\/wp-json\/wp\/v2\/comments?post=48"}],"version-history":[{"count":1,"href":"https:\/\/www.vyl.fi\/vuodenymparistorakenne\/wp-json\/wp\/v2\/pages\/48\/revisions"}],"predecessor-version":[{"id":49,"href":"https:\/\/www.vyl.fi\/vuodenymparistorakenne\/wp-json\/wp\/v2\/pages\/48\/revisions\/49"}],"up":[{"embeddable":true,"href":"https:\/\/www.vyl.fi\/vuodenymparistorakenne\/wp-json\/wp\/v2\/pages\/4"}],"wp:attachment":[{"href":"https:\/\/www.vyl.fi\/vuodenymparistorakenne\/wp-json\/wp\/v2\/media?parent=48"}],"curies":[{"name":"wp","href":"https:\/\/api.w.org\/{rel}","templated":true}]}}