{"id":50,"date":"2025-03-20T13:35:14","date_gmt":"2025-03-20T11:35:14","guid":{"rendered":"https:\/\/www.vyl.fi\/vuodenymparistorakenne\/?page_id=50"},"modified":"2025-04-11T14:19:02","modified_gmt":"2025-04-11T11:19:02","slug":"historia","status":"publish","type":"page","link":"https:\/\/www.vyl.fi\/vuodenymparistorakenne\/kilpailun-esittely\/historia\/","title":{"rendered":"Historia"},"content":{"rendered":"\n<p class=\"wp-block-lala-blocks-lala-ingressi\">Kilpailu on aina heijastanut ymp\u00e4rist\u00f6rakentamisessa vallitsevia ajan ilmi\u00f6it\u00e4.<\/p>\n\n\n\n<p>Vuoden ymp\u00e4rist\u00f6rakenne -kilpailun ensimm\u00e4inen voittaja julkistettiin Viherp\u00e4ivill\u00e4 vuonna 1992. K\u00e4velykadut ja aukiot nousivat esiin 1990-luvulla kaupunkikeskustojen kehitt\u00e4misess\u00e4, ja 2000-luvulla alettiin kiinnitt\u00e4\u00e4 yh\u00e4 enemm\u00e4n huomiota rantoihin ja vesist\u00f6n\u00e4kymiin. Omaa aikakauttaan ovat edustaneet my\u00f6s asuntoyhti\u00f6- ja yrityspihat sek\u00e4 kansipihat ja viherkatot.<\/p>\n\n\n\n<p>Ajan ilmi\u00f6it\u00e4 ymp\u00e4rist\u00f6rakentamisessa ovat vuosien varrella olleet:<\/p>\n\n\n\n<ul class=\"wp-block-list\">\n<li>k\u00e4velykadut, aukiot<\/li>\n\n\n\n<li>rantarakentaminen<\/li>\n\n\n\n<li>asuntoyhti\u00f6pihat<\/li>\n\n\n\n<li>yritysymp\u00e4rist\u00f6t<\/li>\n\n\n\n<li>kansipihat ja viherkatot<\/li>\n\n\n\n<li>ymp\u00e4rist\u00f6n parantaminen, ymp\u00e4rist\u00f6asiat, monimuotoisuus<\/li>\n\n\n\n<li>imagon rakentaminen<\/li>\n\n\n\n<li>ymp\u00e4rist\u00f6taide<\/li>\n<\/ul>\n\n\n\n<p>Kilpailun halutaan el\u00e4v\u00e4n ajassa my\u00f6s tulevaisuudessa, ja s\u00e4\u00e4nt\u00f6ihin onkin nostettu yhdeksi kriteeriksi kest\u00e4v\u00e4n ymp\u00e4rist\u00f6rakentamisen mukainen toteutus.<\/p>\n\n\n\n<p>Palkittujen kohteiden osalta halutaan korostaa my\u00f6s kohteen kunnossapidon merkityst\u00e4. T\u00e4m\u00e4 koskee erityisesti kasvillisuutta, mutta my\u00f6s rakenteita ja pinnoitteita.<\/p>\n\n\n\n<p>Kilpailun k\u00e4ynnistiv\u00e4t Puutarhaliitto ry ja Suomen Betoniteollisuuden Keskusj\u00e4rjest\u00f6 ry (my\u00f6hemmin Rakennustuoteteollisuus RTT ry, betonikivijaos, nyt Betoniteollisuus ry.) My\u00f6hemmin viralliseksi kilpailun j\u00e4rjest\u00e4j\u00e4tahoksi liittyi mukaan Kiviteollisuusliitto ry (nykyisin Kivi ry). 2024 Puutarhaliitto j\u00e4tt\u00e4ytyi pois kilpailun j\u00e4rjest\u00e4jist\u00e4 ja jatkajaksi tuli mukaan Viherymp\u00e4rist\u00f6liitto ry.<\/p>\n\n\n\n<p>Kilpailun nykyisen ilmeen ja logon on suunnitellut Aino-Maija Metsola.<\/p>\n","protected":false},"excerpt":{"rendered":"<p>Vuoden ymp\u00e4rist\u00f6rakenne -kilpailun ensimm\u00e4inen voittaja julkistettiin Viherp\u00e4ivill\u00e4 vuonna 1992. K\u00e4velykadut ja aukiot nousivat esiin 1990-luvulla kaupunkikeskustojen kehitt\u00e4misess\u00e4, ja 2000-luvulla alettiin kiinnitt\u00e4\u00e4 yh\u00e4 enemm\u00e4n huomiota rantoihin ja vesist\u00f6n\u00e4kymiin. Omaa aikakauttaan ovat edustaneet my\u00f6s asuntoyhti\u00f6- ja yrityspihat sek\u00e4 kansipihat ja viherkatot. Ajan ilmi\u00f6it\u00e4 ymp\u00e4rist\u00f6rakentamisessa ovat vuosien varrella olleet: Kilpailun halutaan el\u00e4v\u00e4n ajassa my\u00f6s tulevaisuudessa, ja s\u00e4\u00e4nt\u00f6ihin onkin [&hellip;]<\/p>\n","protected":false},"author":8,"featured_media":0,"parent":4,"menu_order":4,"comment_status":"closed","ping_status":"closed","template":"","meta":{"_acf_changed":false,"_relevanssi_hide_post":"","_relevanssi_hide_content":"","_relevanssi_pin_for_all":"","_relevanssi_pin_keywords":"","_relevanssi_unpin_keywords":"","_relevanssi_related_keywords":"","_relevanssi_related_include_ids":"","_relevanssi_related_exclude_ids":"","_relevanssi_related_no_append":"","_relevanssi_related_not_related":"","_relevanssi_related_posts":"138,140,170,87,98,175","_relevanssi_noindex_reason":"","footnotes":""},"class_list":["post-50","page","type-page","status-publish","hentry"],"acf":[],"_links":{"self":[{"href":"https:\/\/www.vyl.fi\/vuodenymparistorakenne\/wp-json\/wp\/v2\/pages\/50","targetHints":{"allow":["GET"]}}],"collection":[{"href":"https:\/\/www.vyl.fi\/vuodenymparistorakenne\/wp-json\/wp\/v2\/pages"}],"about":[{"href":"https:\/\/www.vyl.fi\/vuodenymparistorakenne\/wp-json\/wp\/v2\/types\/page"}],"author":[{"embeddable":true,"href":"https:\/\/www.vyl.fi\/vuodenymparistorakenne\/wp-json\/wp\/v2\/users\/8"}],"replies":[{"embeddable":true,"href":"https:\/\/www.vyl.fi\/vuodenymparistorakenne\/wp-json\/wp\/v2\/comments?post=50"}],"version-history":[{"count":3,"href":"https:\/\/www.vyl.fi\/vuodenymparistorakenne\/wp-json\/wp\/v2\/pages\/50\/revisions"}],"predecessor-version":[{"id":191,"href":"https:\/\/www.vyl.fi\/vuodenymparistorakenne\/wp-json\/wp\/v2\/pages\/50\/revisions\/191"}],"up":[{"embeddable":true,"href":"https:\/\/www.vyl.fi\/vuodenymparistorakenne\/wp-json\/wp\/v2\/pages\/4"}],"wp:attachment":[{"href":"https:\/\/www.vyl.fi\/vuodenymparistorakenne\/wp-json\/wp\/v2\/media?parent=50"}],"curies":[{"name":"wp","href":"https:\/\/api.w.org\/{rel}","templated":true}]}}