{"id":55,"date":"2025-03-20T13:42:31","date_gmt":"2025-03-20T11:42:31","guid":{"rendered":"https:\/\/www.vyl.fi\/vuodenymparistorakenne\/?page_id=55"},"modified":"2025-04-29T13:53:59","modified_gmt":"2025-04-29T10:53:59","slug":"tuomaristo","status":"publish","type":"page","link":"https:\/\/www.vyl.fi\/vuodenymparistorakenne\/kilpailun-esittely\/tuomaristo\/","title":{"rendered":"Tuomaristo"},"content":{"rendered":"\n<p>Tuomariston kokoonpano m\u00e4\u00e4ritell\u00e4\u00e4n kilpailun s\u00e4\u00e4nn\u00f6iss\u00e4, ja se on vaihdellut vuosien mittaan. Mukana on tilaajien, suunnittelija- ja toteuttajaj\u00e4rjest\u00f6jen, ministeri\u00f6n, lehdist\u00f6n sek\u00e4 j\u00e4rjest\u00e4vien tahojen edustajia.<\/p>\n\n\n\n<h2 class=\"wp-block-heading\">Tuomaristo 2025<\/h2>\n\n\n\n<ul class=\"wp-block-list\">\n<li>Betoniteollisuus ry: Vesa Hopponen ja Antti Taivalkangas<\/li>\n\n\n\n<li>Kivi ry: Juuso Rainio ja Sini Laine<\/li>\n\n\n\n<li>Maisemasuunnittelijat ry: Kaisa Koskelin<\/li>\n\n\n\n<li>Median edustaja: Merja Mannila \/ Rakennuslehti<\/li>\n\n\n\n<li>Suomen Arkkitehtiliitto SAFA: Soile Heikkinen<\/li>\n\n\n\n<li>Suomen maisema-arkkitehtiliitto\u00a0\u2013 Finlands landskapsarkitektf\u00f6rbund\u00a0ry: Paula Pollock ja Sini Parikka<\/li>\n\n\n\n<li>Viherymp\u00e4rist\u00f6liitto ry: Taavi Forssell<\/li>\n\n\n\n<li>Ymp\u00e4rist\u00f6ministeri\u00f6: Taru Sihvonen<\/li>\n<\/ul>\n\n\n\n<p><\/p>\n","protected":false},"excerpt":{"rendered":"<p>Tuomariston kokoonpano m\u00e4\u00e4ritell\u00e4\u00e4n kilpailun s\u00e4\u00e4nn\u00f6iss\u00e4, ja se on vaihdellut vuosien mittaan. Mukana on tilaajien, suunnittelija- ja toteuttajaj\u00e4rjest\u00f6jen, ministeri\u00f6n, lehdist\u00f6n sek\u00e4 j\u00e4rjest\u00e4vien tahojen edustajia. Tuomaristo 2025<\/p>\n","protected":false},"author":8,"featured_media":0,"parent":4,"menu_order":2,"comment_status":"closed","ping_status":"closed","template":"","meta":{"_acf_changed":false,"_relevanssi_hide_post":"","_relevanssi_hide_content":"","_relevanssi_pin_for_all":"","_relevanssi_pin_keywords":"","_relevanssi_unpin_keywords":"","_relevanssi_related_keywords":"","_relevanssi_related_include_ids":"","_relevanssi_related_exclude_ids":"","_relevanssi_related_no_append":"","_relevanssi_related_not_related":"","_relevanssi_related_posts":"98,87,138,142,144,140","_relevanssi_noindex_reason":"","footnotes":""},"class_list":["post-55","page","type-page","status-publish","hentry"],"acf":[],"_links":{"self":[{"href":"https:\/\/www.vyl.fi\/vuodenymparistorakenne\/wp-json\/wp\/v2\/pages\/55","targetHints":{"allow":["GET"]}}],"collection":[{"href":"https:\/\/www.vyl.fi\/vuodenymparistorakenne\/wp-json\/wp\/v2\/pages"}],"about":[{"href":"https:\/\/www.vyl.fi\/vuodenymparistorakenne\/wp-json\/wp\/v2\/types\/page"}],"author":[{"embeddable":true,"href":"https:\/\/www.vyl.fi\/vuodenymparistorakenne\/wp-json\/wp\/v2\/users\/8"}],"replies":[{"embeddable":true,"href":"https:\/\/www.vyl.fi\/vuodenymparistorakenne\/wp-json\/wp\/v2\/comments?post=55"}],"version-history":[{"count":3,"href":"https:\/\/www.vyl.fi\/vuodenymparistorakenne\/wp-json\/wp\/v2\/pages\/55\/revisions"}],"predecessor-version":[{"id":329,"href":"https:\/\/www.vyl.fi\/vuodenymparistorakenne\/wp-json\/wp\/v2\/pages\/55\/revisions\/329"}],"up":[{"embeddable":true,"href":"https:\/\/www.vyl.fi\/vuodenymparistorakenne\/wp-json\/wp\/v2\/pages\/4"}],"wp:attachment":[{"href":"https:\/\/www.vyl.fi\/vuodenymparistorakenne\/wp-json\/wp\/v2\/media?parent=55"}],"curies":[{"name":"wp","href":"https:\/\/api.w.org\/{rel}","templated":true}]}}