{"id":77,"date":"2025-04-09T12:59:21","date_gmt":"2025-04-09T09:59:21","guid":{"rendered":"https:\/\/www.vyl.fi\/vuodenymparistorakenne\/?page_id=77"},"modified":"2025-04-11T14:15:12","modified_gmt":"2025-04-11T11:15:12","slug":"arvosteluperusteet","status":"publish","type":"page","link":"https:\/\/www.vyl.fi\/vuodenymparistorakenne\/kilpailun-esittely\/arvosteluperusteet\/","title":{"rendered":"Arvosteluperusteet"},"content":{"rendered":"\n<p class=\"wp-block-lala-blocks-lala-ingressi\">Kilpailun tuomaristo arvioi ehdokkaita seuraavien kriteerien kautta.<\/p>\n\n\n\n<h2 class=\"wp-block-heading\">Laatu<\/h2>\n\n\n\n<p>Suunnittelun, rakentamisen ja kunnossapidon laatu<\/p>\n\n\n\n<ul class=\"wp-block-list\">\n<li>Materiaali- ja kasvivalinnat<\/li>\n\n\n\n<li>Esteett\u00f6myys<\/li>\n\n\n\n<li>Detaljit<\/li>\n<\/ul>\n\n\n\n<p>Laadukkuus kohteen omassa genress\u00e4 ja budjetissa<\/p>\n\n\n\n<h2 class=\"wp-block-heading\">Kehitys<\/h2>\n\n\n\n<ul class=\"wp-block-list\">\n<li>Uutuusarvot, innovatiivuus<\/li>\n\n\n\n<li>Kest\u00e4v\u00e4n rakentamisen periaatteiden huomioiminen<\/li>\n\n\n\n<li>Kohderyhm\u00e4n huomioiminen<\/li>\n<\/ul>\n\n\n\n<h2 class=\"wp-block-heading\">Estetiikka ja ymp\u00e4rist\u00f6<\/h2>\n\n\n\n<ul class=\"wp-block-list\">\n<li>Kohteen integroituminen muuhun ymp\u00e4rist\u00f6\u00f6n<\/li>\n\n\n\n<li>Historiallisten arvojen huomioiminen<\/li>\n\n\n\n<li>Taiteelliset arvot<\/li>\n<\/ul>\n\n\n\n<p><\/p>\n","protected":false},"excerpt":{"rendered":"<p>Laatu Suunnittelun, rakentamisen ja kunnossapidon laatu Laadukkuus kohteen omassa genress\u00e4 ja budjetissa Kehitys Estetiikka ja ymp\u00e4rist\u00f6<\/p>\n","protected":false},"author":8,"featured_media":0,"parent":4,"menu_order":1,"comment_status":"closed","ping_status":"closed","template":"","meta":{"_acf_changed":false,"_relevanssi_hide_post":"","_relevanssi_hide_content":"","_relevanssi_pin_for_all":"","_relevanssi_pin_keywords":"","_relevanssi_unpin_keywords":"","_relevanssi_related_keywords":"","_relevanssi_related_include_ids":"","_relevanssi_related_exclude_ids":"","_relevanssi_related_no_append":"","_relevanssi_related_not_related":"","_relevanssi_related_posts":"98,166,87,138,142,163","_relevanssi_noindex_reason":"","footnotes":""},"class_list":["post-77","page","type-page","status-publish","hentry"],"acf":[],"_links":{"self":[{"href":"https:\/\/www.vyl.fi\/vuodenymparistorakenne\/wp-json\/wp\/v2\/pages\/77","targetHints":{"allow":["GET"]}}],"collection":[{"href":"https:\/\/www.vyl.fi\/vuodenymparistorakenne\/wp-json\/wp\/v2\/pages"}],"about":[{"href":"https:\/\/www.vyl.fi\/vuodenymparistorakenne\/wp-json\/wp\/v2\/types\/page"}],"author":[{"embeddable":true,"href":"https:\/\/www.vyl.fi\/vuodenymparistorakenne\/wp-json\/wp\/v2\/users\/8"}],"replies":[{"embeddable":true,"href":"https:\/\/www.vyl.fi\/vuodenymparistorakenne\/wp-json\/wp\/v2\/comments?post=77"}],"version-history":[{"count":6,"href":"https:\/\/www.vyl.fi\/vuodenymparistorakenne\/wp-json\/wp\/v2\/pages\/77\/revisions"}],"predecessor-version":[{"id":188,"href":"https:\/\/www.vyl.fi\/vuodenymparistorakenne\/wp-json\/wp\/v2\/pages\/77\/revisions\/188"}],"up":[{"embeddable":true,"href":"https:\/\/www.vyl.fi\/vuodenymparistorakenne\/wp-json\/wp\/v2\/pages\/4"}],"wp:attachment":[{"href":"https:\/\/www.vyl.fi\/vuodenymparistorakenne\/wp-json\/wp\/v2\/media?parent=77"}],"curies":[{"name":"wp","href":"https:\/\/api.w.org\/{rel}","templated":true}]}}