{"id":9,"date":"2025-03-20T12:50:48","date_gmt":"2025-03-20T10:50:48","guid":{"rendered":"https:\/\/www.vyl.fi\/vuodenymparistorakenne\/?page_id=9"},"modified":"2025-04-11T10:34:34","modified_gmt":"2025-04-11T07:34:34","slug":"saannot","status":"publish","type":"page","link":"https:\/\/www.vyl.fi\/vuodenymparistorakenne\/osallistuminen\/saannot\/","title":{"rendered":"S\u00e4\u00e4nn\u00f6t"},"content":{"rendered":"\n<p>1 \u00a7<\/p>\n\n\n\n<p>Vuoden Ymp\u00e4rist\u00f6rakenne -palkinnon my\u00f6nt\u00e4v\u00e4t Betoniteollisuus ry, Kivi ry ja Viherymp\u00e4rist\u00f6liitto ry tunnustuksena ansiokkaasta rakennetun ymp\u00e4rist\u00f6n suunnittelusta ja toteutuksesta.<\/p>\n\n\n\n<p>2 \u00a7<\/p>\n\n\n\n<p>Palkinnon tarkoituksena on tehd\u00e4 tunnetuksi ja edist\u00e4\u00e4 korkeatasoisia ymp\u00e4rist\u00f6kokonaisuuksia, joissa hyv\u00e4ll\u00e4 suunnittelulla ja toteutuksella on luotu esteettisesti ja toiminnallisesti kest\u00e4v\u00e4, hyv\u00e4 ymp\u00e4rist\u00f6. Erityisen\u00e4 ansiona pidet\u00e4\u00e4n uusien ratkaisumallien, k\u00e4ytt\u00f6kohteiden ja sovellutusten kehitt\u00e4mist\u00e4 sek\u00e4 kest\u00e4v\u00e4n ymp\u00e4rist\u00f6rakentamisen toimintamallin (KESY) toteutumista kilpailukohteessa.<\/p>\n\n\n\n<p>Kohteen tulee olla valmistunut viimeisen viiden (5) vuoden aikana.<\/p>\n\n\n\n<p>3 \u00a7<\/p>\n\n\n\n<p>Tuomariston muodostavat seuraavat tahot: Suomen Arkkitehtiliitto, ymp\u00e4rist\u00f6ministeri\u00f6, Suomen Maisema-arkkitehtiliitto, Viherymp\u00e4rist\u00f6liitto, Viher- ja ymp\u00e4rist\u00f6rakentajat, Maisemasuunnittelijat, lehdist\u00f6n edustaja sek\u00e4 j\u00e4rjest\u00e4jien edustajat.<\/p>\n\n\n\n<p>Tuomaristo valitsee keskuudestaan vuosittain puheenjohtajan. Sihteerin asettavat Betoniteollisuus ry, Kivi ry ja Viherymp\u00e4rist\u00f6liitto ry, jotka toimivat vuorovuosin tuomariston kokoonkutsujina.<\/p>\n\n\n\n<p>4 \u00a7<\/p>\n\n\n\n<p>Palkittavat kohteet valitsee tuomaristo. Palkinto my\u00f6nnet\u00e4\u00e4n yhdelle tai tuomariston harkinnan mukaan useammalle kohteelle.<\/p>\n\n\n\n<p>Tuomaristo voi esitt\u00e4\u00e4 my\u00f6nnett\u00e4v\u00e4ksi my\u00f6s kunniamainintoja tai j\u00e4tt\u00e4\u00e4 palkinnon my\u00f6nt\u00e4m\u00e4tt\u00e4, mik\u00e4li sopivaa kohdetta ei l\u00f6ydy.<\/p>\n\n\n\n<p>Palkinto jaetaan palkitun kohteen rakennuttajille, suunnittelijoille, toteuttajille ja materiaalien toimittajille rakennuttajan ehdotuksen ja tuomariston harkinnan pohjalta.<\/p>\n\n\n\n<p>5 \u00a7<\/p>\n\n\n\n<p>Kilpailu julistetaan erikseen vuosittain kev\u00e4\u00e4ll\u00e4. Ehdotukset tehd\u00e4\u00e4n kirjallisesti j\u00e4rjest\u00e4jien erikseen ilmoittamalla tavalla m\u00e4\u00e4r\u00e4p\u00e4iv\u00e4\u00e4n menness\u00e4.<\/p>\n\n\n\n<p>Ehdotusten tulee sis\u00e4lt\u00e4\u00e4 sijainti- tai asemapiirros ja selostus kohteesta sek\u00e4 valokuvia ja muuta ehdotukseen liittyv\u00e4\u00e4 havainnemateriaalia tuomariston k\u00e4sittely\u00e4 ja mahdollista julkistamista varten.<\/p>\n\n\n\n<p>Kohteen on oltava julkisesti esitelt\u00e4viss\u00e4 erikseen sovittavina aikoina. Sama kohde voidaan ilmoittaa kilpailuun kahdesti.<\/p>\n\n\n\n<p>6 \u00a7<\/p>\n\n\n\n<p>Palkituista kohteista laaditaan lehdist\u00f6aineisto tiedotusv\u00e4lineiden vapaaseen k\u00e4ytt\u00f6\u00f6n. Kilpailun j\u00e4rjest\u00e4j\u00e4t esittelev\u00e4t tulosta omien alojensa ammattilehdiss\u00e4 ja -tilaisuuksissa harkintansa mukaan<\/p>\n","protected":false},"excerpt":{"rendered":"<p>1 \u00a7 Vuoden Ymp\u00e4rist\u00f6rakenne -palkinnon my\u00f6nt\u00e4v\u00e4t Betoniteollisuus ry, Kivi ry ja Viherymp\u00e4rist\u00f6liitto ry tunnustuksena ansiokkaasta rakennetun ymp\u00e4rist\u00f6n suunnittelusta ja toteutuksesta. 2 \u00a7 Palkinnon tarkoituksena on tehd\u00e4 tunnetuksi ja edist\u00e4\u00e4 korkeatasoisia ymp\u00e4rist\u00f6kokonaisuuksia, joissa hyv\u00e4ll\u00e4 suunnittelulla ja toteutuksella on luotu esteettisesti ja toiminnallisesti kest\u00e4v\u00e4, hyv\u00e4 ymp\u00e4rist\u00f6. Erityisen\u00e4 ansiona pidet\u00e4\u00e4n uusien ratkaisumallien, k\u00e4ytt\u00f6kohteiden ja sovellutusten kehitt\u00e4mist\u00e4 sek\u00e4 kest\u00e4v\u00e4n [&hellip;]<\/p>\n","protected":false},"author":8,"featured_media":0,"parent":7,"menu_order":0,"comment_status":"closed","ping_status":"closed","template":"","meta":{"_acf_changed":false,"_relevanssi_hide_post":"","_relevanssi_hide_content":"","_relevanssi_pin_for_all":"","_relevanssi_pin_keywords":"","_relevanssi_unpin_keywords":"","_relevanssi_related_keywords":"","_relevanssi_related_include_ids":"","_relevanssi_related_exclude_ids":"","_relevanssi_related_no_append":"","_relevanssi_related_not_related":"","_relevanssi_related_posts":"1","_relevanssi_noindex_reason":"","footnotes":""},"class_list":["post-9","page","type-page","status-publish","hentry"],"acf":[],"_links":{"self":[{"href":"https:\/\/www.vyl.fi\/vuodenymparistorakenne\/wp-json\/wp\/v2\/pages\/9","targetHints":{"allow":["GET"]}}],"collection":[{"href":"https:\/\/www.vyl.fi\/vuodenymparistorakenne\/wp-json\/wp\/v2\/pages"}],"about":[{"href":"https:\/\/www.vyl.fi\/vuodenymparistorakenne\/wp-json\/wp\/v2\/types\/page"}],"author":[{"embeddable":true,"href":"https:\/\/www.vyl.fi\/vuodenymparistorakenne\/wp-json\/wp\/v2\/users\/8"}],"replies":[{"embeddable":true,"href":"https:\/\/www.vyl.fi\/vuodenymparistorakenne\/wp-json\/wp\/v2\/comments?post=9"}],"version-history":[{"count":2,"href":"https:\/\/www.vyl.fi\/vuodenymparistorakenne\/wp-json\/wp\/v2\/pages\/9\/revisions"}],"predecessor-version":[{"id":54,"href":"https:\/\/www.vyl.fi\/vuodenymparistorakenne\/wp-json\/wp\/v2\/pages\/9\/revisions\/54"}],"up":[{"embeddable":true,"href":"https:\/\/www.vyl.fi\/vuodenymparistorakenne\/wp-json\/wp\/v2\/pages\/7"}],"wp:attachment":[{"href":"https:\/\/www.vyl.fi\/vuodenymparistorakenne\/wp-json\/wp\/v2\/media?parent=9"}],"curies":[{"name":"wp","href":"https:\/\/api.w.org\/{rel}","templated":true}]}}